{"id":4664,"date":"2024-09-04T07:38:33","date_gmt":"2024-09-04T07:38:33","guid":{"rendered":"https:\/\/bcmimprovement.com\/site1\/?page_id=4664"},"modified":"2024-10-13T06:13:15","modified_gmt":"2024-10-13T06:13:15","slug":"quienes-somos","status":"publish","type":"page","link":"https:\/\/bcmimprovement.com\/site1\/quienes-somos\/","title":{"rendered":"\u00bfQui\u00e9nes Somos?"},"content":{"rendered":"\t\t<div data-elementor-type=\"wp-page\" data-elementor-id=\"4664\" class=\"elementor elementor-4664\">\n\t\t\t\t        <section class=\"elementor-section elementor-top-section elementor-element elementor-element-3d3f172f elementor-section-content-middle elementor-section-boxed elementor-section-height-default elementor-section-height-default\" data-id=\"3d3f172f\" data-element_type=\"section\">\n            \n                        <div class=\"elementor-container elementor-column-gap-extended \">\n                    <div class=\"elementor-column elementor-col-50 elementor-top-column elementor-element elementor-element-147c47d0\" data-id=\"147c47d0\" data-element_type=\"column\">\n        <div class=\"elementor-widget-wrap elementor-element-populated\">\n                    \n        \t\t<div class=\"elementor-element elementor-element-63ad0bbe elementor-widget__width-auto elementor-widget elementor-widget-ct_banner\" data-id=\"63ad0bbe\" data-element_type=\"widget\" data-widget_type=\"ct_banner.default\">\n\t\t\t\t<div class=\"elementor-widget-container\">\n\t\t\t\t<div class=\"ct-banner layout-3\">\r\n\t\t<img fetchpriority=\"high\" decoding=\"async\" width=\"1200\" height=\"1200\" src=\"https:\/\/bcmimprovement.com\/site1\/wp-content\/uploads\/2024\/09\/img.jpg\" class=\"attachment-full\" alt=\"\" \/>\t\t<div class=\"shape-angle\"><\/div>\r\n\t\t\t\t\t<\/div>\r\n\t\t<\/div>\n\t\t\t\t<\/div>\n\t\t            <\/div>\n        <\/div>\n                <div class=\"elementor-column elementor-col-50 elementor-top-column elementor-element elementor-element-6138eb7\" data-id=\"6138eb7\" data-element_type=\"column\">\n        <div class=\"elementor-widget-wrap elementor-element-populated\">\n                    \n        \t\t<div class=\"elementor-element elementor-element-4914db90 elementor-widget elementor-widget-ct_heading\" data-id=\"4914db90\" data-element_type=\"widget\" data-widget_type=\"ct_heading.default\">\n\t\t\t\t<div class=\"elementor-widget-container\">\n\t\t\t<div class=\"ct-heading ct-heading-default h-align- \" data-wow-duration=\"1.2s\">\r\n\t<div class=\"ct-heading--inner\">\r\n            \t\t<div class=\"item--sub-title style-default\">\r\n                <span>\r\n                       \r\n                    Nuestra empresa                            \r\n                <\/span>\r\n            <\/div>\r\n    \t                <h3 class=\"item--title\">\r\n                        Tecnolog\u00eda de Vanguardia        <\/h3>\r\n    <\/div>\r\n<\/div>\t\t<\/div>\n\t\t\t\t<\/div>\n\t\t\t\t<div class=\"elementor-element elementor-element-bba9248 elementor-widget elementor-widget-text-editor\" data-id=\"bba9248\" data-element_type=\"widget\" data-widget_type=\"text-editor.default\">\n\t\t\t\t<div class=\"elementor-widget-container\">\n\t\t\t<style>\/*! elementor - v3.23.0 - 05-08-2024 *\/\n.elementor-widget-text-editor.elementor-drop-cap-view-stacked .elementor-drop-cap{background-color:#69727d;color:#fff}.elementor-widget-text-editor.elementor-drop-cap-view-framed .elementor-drop-cap{color:#69727d;border:3px solid;background-color:transparent}.elementor-widget-text-editor:not(.elementor-drop-cap-view-default) .elementor-drop-cap{margin-top:8px}.elementor-widget-text-editor:not(.elementor-drop-cap-view-default) .elementor-drop-cap-letter{width:1em;height:1em}.elementor-widget-text-editor .elementor-drop-cap{float:left;text-align:center;line-height:1;font-size:50px}.elementor-widget-text-editor .elementor-drop-cap-letter{display:inline-block}<\/style>\t\t\t\t<p><span style=\"color: #333300;\">Somos una empresa de inversi\u00f3n mexicana distribuidora de marcas reconocidas, ofrecemos productos de\u00a0<strong>calidad en tecnolog\u00eda de punta<\/strong>. Debido a la experiencia, dedicaci\u00f3n y esfuerzo logramos formar alianzas estrat\u00e9gicas de confianza con fabricantes de hardware y software.<\/span><\/p><p><span style=\"color: #333300;\">Identificamos sus necesidades y dise\u00f1amos la soluci\u00f3n m\u00e1s adecuada en costo-beneficio, con calidad, profesionalismo y sentido de urgencia.<\/span><\/p><p><span style=\"color: #333300;\">Conozca nuestros servicios de consultor\u00eda y perm\u00edtanos brindarle una atenci\u00f3n personalizada a trav\u00e9s de nuestros profesionales; nos comprometemos al seguimiento oportuno y m\u00e1ximo esfuerzo para su entera satisfacci\u00f3n.<\/span><\/p>\t\t\t\t\t\t<\/div>\n\t\t\t\t<\/div>\n\t\t            <\/div>\n        <\/div>\n                    <\/div>\n        <\/section>\n        <div class=\"elementor-element elementor-element-cac85ad e-grid e-con-boxed e-con e-parent\" data-id=\"cac85ad\" data-element_type=\"container\">\n\t\t\t\t\t<div class=\"e-con-inner\">\n\t\t\t\t\t<\/div>\n\t\t\t\t<\/div>\n\t\t<div class=\"elementor-element elementor-element-4045ec2 e-grid e-con-boxed e-con e-parent\" data-id=\"4045ec2\" data-element_type=\"container\">\n\t\t\t\t\t<div class=\"e-con-inner\">\n\t\t\t\t<div class=\"elementor-element elementor-element-8c29dfd elementor-widget elementor-widget-heading\" data-id=\"8c29dfd\" data-element_type=\"widget\" data-widget_type=\"heading.default\">\n\t\t\t\t<div class=\"elementor-widget-container\">\n\t\t\t<style>\/*! elementor - v3.23.0 - 05-08-2024 *\/\n.elementor-heading-title{padding:0;margin:0;line-height:1}.elementor-widget-heading .elementor-heading-title[class*=elementor-size-]>a{color:inherit;font-size:inherit;line-height:inherit}.elementor-widget-heading .elementor-heading-title.elementor-size-small{font-size:15px}.elementor-widget-heading .elementor-heading-title.elementor-size-medium{font-size:19px}.elementor-widget-heading .elementor-heading-title.elementor-size-large{font-size:29px}.elementor-widget-heading .elementor-heading-title.elementor-size-xl{font-size:39px}.elementor-widget-heading .elementor-heading-title.elementor-size-xxl{font-size:59px}<\/style><h4 class=\"elementor-heading-title elementor-size-default\">Misi\u00f3n<\/h4>\t\t<\/div>\n\t\t\t\t<\/div>\n\t\t\t\t<div class=\"elementor-element elementor-element-aecd026 elementor-widget elementor-widget-ct_heading\" data-id=\"aecd026\" data-element_type=\"widget\" data-widget_type=\"ct_heading.default\">\n\t\t\t\t<div class=\"elementor-widget-container\">\n\t\t\t<div class=\"ct-heading ct-heading-default h-align- \" data-wow-duration=\"1.2s\">\r\n\t<div class=\"ct-heading--inner\">\r\n            \t\t<div class=\"item--sub-title style3\">\r\n                <span>\r\n                       \r\n                    Contribuir con la implementaci\u00f3n e integraci\u00f3n de procesos e infraestructura tecnol\u00f3gica para una mejora organizacional para dar continuidad de la operaci\u00f3n de su empresa.                            \r\n                <\/span>\r\n            <\/div>\r\n    \t                <h5 class=\"item--title\">\r\n                                <\/h5>\r\n    <\/div>\r\n<\/div>\t\t<\/div>\n\t\t\t\t<\/div>\n\t\t\t\t<div class=\"elementor-element elementor-element-e8ca278 elementor-widget__width-auto elementor-absolute elementor-hidden-tablet elementor-hidden-mobile elementor-widget elementor-widget-ct_image\" data-id=\"e8ca278\" data-element_type=\"widget\" data-settings=\"{&quot;_position&quot;:&quot;absolute&quot;}\" data-widget_type=\"ct_image.default\">\n\t\t\t\t<div class=\"elementor-widget-container\">\n\t\t\t<div class=\"ct-image-single  \" data-wow-duration=\"1.2s\" data-wow-delay=\"ms\">\r\n                        <img decoding=\"async\" width=\"233\" height=\"336\" src=\"https:\/\/bcmimprovement.com\/site1\/wp-content\/uploads\/2022\/10\/h7-shape3.png\" class=\"attachment-full\" alt=\"\" \/>            <\/div>\t\t<\/div>\n\t\t\t\t<\/div>\n\t\t\t\t<div class=\"elementor-element elementor-element-7553f19 elementor-widget elementor-widget-image\" data-id=\"7553f19\" data-element_type=\"widget\" data-widget_type=\"image.default\">\n\t\t\t\t<div class=\"elementor-widget-container\">\n\t\t\t<style>\/*! elementor - v3.23.0 - 05-08-2024 *\/\n.elementor-widget-image{text-align:center}.elementor-widget-image a{display:inline-block}.elementor-widget-image a img[src$=\".svg\"]{width:48px}.elementor-widget-image img{vertical-align:middle;display:inline-block}<\/style>\t\t\t\t\t\t\t\t\t\t<img decoding=\"async\" width=\"116\" height=\"116\" src=\"https:\/\/bcmimprovement.com\/site1\/wp-content\/uploads\/2024\/09\/favicon-bcm.png\" class=\"attachment-large size-large wp-image-4563\" alt=\"\" \/>\t\t\t\t\t\t\t\t\t\t\t\t\t<\/div>\n\t\t\t\t<\/div>\n\t\t\t\t\t<\/div>\n\t\t\t\t<\/div>\n\t\t<div class=\"elementor-element elementor-element-62862bc e-grid e-con-boxed e-con e-parent\" data-id=\"62862bc\" data-element_type=\"container\">\n\t\t\t\t\t<div class=\"e-con-inner\">\n\t\t\t\t<div class=\"elementor-element elementor-element-aeaaa18 elementor-widget elementor-widget-heading\" data-id=\"aeaaa18\" data-element_type=\"widget\" data-widget_type=\"heading.default\">\n\t\t\t\t<div class=\"elementor-widget-container\">\n\t\t\t<h4 class=\"elementor-heading-title elementor-size-default\">Visi\u00f3n<\/h4>\t\t<\/div>\n\t\t\t\t<\/div>\n\t\t\t\t<div class=\"elementor-element elementor-element-7a582f6 elementor-widget elementor-widget-ct_heading\" data-id=\"7a582f6\" data-element_type=\"widget\" data-widget_type=\"ct_heading.default\">\n\t\t\t\t<div class=\"elementor-widget-container\">\n\t\t\t<div class=\"ct-heading ct-heading-default h-align- \" data-wow-duration=\"1.2s\">\r\n\t<div class=\"ct-heading--inner\">\r\n            \t\t<div class=\"item--sub-title style3\">\r\n                <span>\r\n                       \r\n                    Impactar de forma positiva en la vida de las empresas y las personas, desarrollando una cultura de prevenci\u00f3n a trav\u00e9s de la protecci\u00f3n de los activos m\u00e1s importantes de las organizaciones.                            \r\n                <\/span>\r\n            <\/div>\r\n    \t                <h5 class=\"item--title\">\r\n                                <\/h5>\r\n    <\/div>\r\n<\/div>\t\t<\/div>\n\t\t\t\t<\/div>\n\t\t\t\t\t<\/div>\n\t\t\t\t<\/div>\n\t\t<div class=\"elementor-element elementor-element-4131ce1 e-flex e-con-boxed e-con e-parent\" data-id=\"4131ce1\" data-element_type=\"container\">\n\t\t\t\t\t<div class=\"e-con-inner\">\n\t\t<div class=\"elementor-element elementor-element-d6835a3 e-con-full e-flex e-con e-child\" data-id=\"d6835a3\" data-element_type=\"container\">\n\t\t\t\t<div class=\"elementor-element elementor-element-df5fa71 elementor-widget elementor-widget-heading\" data-id=\"df5fa71\" data-element_type=\"widget\" data-widget_type=\"heading.default\">\n\t\t\t\t<div class=\"elementor-widget-container\">\n\t\t\t<h4 class=\"elementor-heading-title elementor-size-default\">Valores<\/h4>\t\t<\/div>\n\t\t\t\t<\/div>\n\t\t\t\t<\/div>\n\t\t<div class=\"elementor-element elementor-element-44aa1ba e-con-full e-flex e-con e-child\" data-id=\"44aa1ba\" data-element_type=\"container\">\n\t\t\t\t<div class=\"elementor-element elementor-element-00a3f63 elementor-widget elementor-widget-text-editor\" data-id=\"00a3f63\" data-element_type=\"widget\" data-widget_type=\"text-editor.default\">\n\t\t\t\t<div class=\"elementor-widget-container\">\n\t\t\t\t\t\t\t<i class=\"flaticon-dot text-gradient icon-space-right\"><\/i><strong>Trato Respetuoso.<\/strong>\n\nGenerar en las personas un sentimiento de aceptaci\u00f3n y motivaci\u00f3n que les permite desarrollar con la mejor disposici\u00f3n nuestros compromisos\t\t\t\t\t\t<\/div>\n\t\t\t\t<\/div>\n\t\t\t\t<\/div>\n\t\t<div class=\"elementor-element elementor-element-74723dc e-con-full e-flex e-con e-child\" data-id=\"74723dc\" data-element_type=\"container\">\n\t\t\t\t<div class=\"elementor-element elementor-element-ca8bea0 elementor-widget elementor-widget-text-editor\" data-id=\"ca8bea0\" data-element_type=\"widget\" data-widget_type=\"text-editor.default\">\n\t\t\t\t<div class=\"elementor-widget-container\">\n\t\t\t\t\t\t\t<i class=\"flaticon-dot text-gradient icon-space-right\"><\/i><strong>Comunicaci\u00f3n clara y honesta<\/strong>\n\nComunicar de manera transparente y honesta en todas las \u00e1reas, proveedores y clientes.\t\t\t\t\t\t<\/div>\n\t\t\t\t<\/div>\n\t\t\t\t<\/div>\n\t\t<div class=\"elementor-element elementor-element-09b54e7 e-con-full e-flex e-con e-child\" data-id=\"09b54e7\" data-element_type=\"container\">\n\t\t\t\t<div class=\"elementor-element elementor-element-d2d77fd elementor-widget elementor-widget-text-editor\" data-id=\"d2d77fd\" data-element_type=\"widget\" data-widget_type=\"text-editor.default\">\n\t\t\t\t<div class=\"elementor-widget-container\">\n\t\t\t\t\t\t\t<i class=\"flaticon-dot text-gradient icon-space-right\"><\/i><strong>Competitividad e innovaci\u00f3n.<\/strong>\n\nLa competitividad promueve la innovaci\u00f3n, las proyecciones a futuro, satisfacerlas las necesidades de los individuos y, la creaci\u00f3n de nuevos productos y servicios.\t\t\t\t\t\t<\/div>\n\t\t\t\t<\/div>\n\t\t\t\t<\/div>\n\t\t\t\t\t<\/div>\n\t\t\t\t<\/div>\n\t\t<div class=\"elementor-element elementor-element-6e75774 e-flex e-con-boxed e-con e-parent\" data-id=\"6e75774\" data-element_type=\"container\">\n\t\t\t\t\t<div class=\"e-con-inner\">\n\t\t<div class=\"elementor-element elementor-element-7bbbe1b e-con-full e-flex e-con e-child\" data-id=\"7bbbe1b\" data-element_type=\"container\">\n\t\t\t\t<\/div>\n\t\t<div class=\"elementor-element elementor-element-382189b e-con-full e-flex e-con e-child\" data-id=\"382189b\" data-element_type=\"container\">\n\t\t\t\t<div class=\"elementor-element elementor-element-0f08795 elementor-widget elementor-widget-text-editor\" data-id=\"0f08795\" data-element_type=\"widget\" data-widget_type=\"text-editor.default\">\n\t\t\t\t<div class=\"elementor-widget-container\">\n\t\t\t\t\t\t\t<p><i class=\"flaticon-dot text-gradient icon-space-right\"><\/i><strong>Integridad.<br \/><\/strong><\/p><p>La integridad se refleja a trav\u00e9s del trabajo consecuente, responsable, honesto y aut\u00e9ntico que busca ser competitivo y de alta calidad.<\/p>\t\t\t\t\t\t<\/div>\n\t\t\t\t<\/div>\n\t\t\t\t<\/div>\n\t\t<div class=\"elementor-element elementor-element-56de02c e-con-full e-flex e-con e-child\" data-id=\"56de02c\" data-element_type=\"container\">\n\t\t\t\t<div class=\"elementor-element elementor-element-9793733 elementor-widget elementor-widget-text-editor\" data-id=\"9793733\" data-element_type=\"widget\" data-widget_type=\"text-editor.default\">\n\t\t\t\t<div class=\"elementor-widget-container\">\n\t\t\t\t\t\t\t<i class=\"flaticon-dot text-gradient icon-space-right\"><\/i><strong>Servicio como valor humano\n<\/strong>\n\nNuestro alto sentido de colaboraci\u00f3n para hacer la vida m\u00e1s placentera a los dem\u00e1s, en una actitud permanente de colaboraci\u00f3n en el trabajo, familia y ayudando a otras personas en la b\u00fasqueda de un buen sentido.\t\t\t\t\t\t<\/div>\n\t\t\t\t<\/div>\n\t\t\t\t<\/div>\n\t\t<div class=\"elementor-element elementor-element-88bc45a e-con-full e-flex e-con e-child\" data-id=\"88bc45a\" data-element_type=\"container\">\n\t\t\t\t<div class=\"elementor-element elementor-element-7954c70 elementor-widget elementor-widget-image\" data-id=\"7954c70\" data-element_type=\"widget\" data-widget_type=\"image.default\">\n\t\t\t\t<div class=\"elementor-widget-container\">\n\t\t\t\t\t\t\t\t\t\t\t\t\t<img loading=\"lazy\" decoding=\"async\" width=\"250\" height=\"70\" src=\"https:\/\/bcmimprovement.com\/site1\/wp-content\/uploads\/2022\/10\/logo-bcm_mini.png\" class=\"attachment-large size-large wp-image-4483\" alt=\"\" \/>\t\t\t\t\t\t\t\t\t\t\t\t\t<\/div>\n\t\t\t\t<\/div>\n\t\t\t\t<\/div>\n\t\t\t\t\t<\/div>\n\t\t\t\t<\/div>\n\t\t        <section class=\"elementor-section elementor-top-section elementor-element elementor-element-217bb122 elementor-section-stretched elementor-section-boxed elementor-section-height-default elementor-section-height-default\" data-id=\"217bb122\" data-element_type=\"section\" data-settings=\"{&quot;stretch_section&quot;:&quot;section-stretched&quot;,&quot;background_background&quot;:&quot;classic&quot;}\">\n            \n                        <div class=\"elementor-container elementor-column-gap-extended \">\n                    <div class=\"elementor-column elementor-col-50 elementor-top-column elementor-element elementor-element-39089e8d\" data-id=\"39089e8d\" data-element_type=\"column\">\n        <div class=\"elementor-widget-wrap elementor-element-populated\">\n                    \n        \t\t<div class=\"elementor-element elementor-element-18f79d08 elementor-widget__width-initial elementor-widget elementor-widget-ct_banner\" data-id=\"18f79d08\" data-element_type=\"widget\" data-widget_type=\"ct_banner.default\">\n\t\t\t\t<div class=\"elementor-widget-container\">\n\t\t\t\t<div class=\"ct-banner layout-3\">\r\n\t\t<img loading=\"lazy\" decoding=\"async\" class=\"\" src=\"https:\/\/bcmimprovement.com\/site1\/wp-content\/uploads\/2024\/09\/bcm-intro_-450x356.jpg\" width=\"450\" height=\"356\" alt=\"bcm-intro_}\" title=\"bcm-intro_}\" \/>\t\t<div class=\"shape-angle\"><\/div>\r\n\t\t\t\t\t<\/div>\r\n\t\t<\/div>\n\t\t\t\t<\/div>\n\t\t            <\/div>\n        <\/div>\n                <div class=\"elementor-column elementor-col-50 elementor-top-column elementor-element elementor-element-4d332035\" data-id=\"4d332035\" data-element_type=\"column\">\n        <div class=\"elementor-widget-wrap elementor-element-populated\">\n                    \n        \t\t<div class=\"elementor-element elementor-element-60fcc15c elementor-widget elementor-widget-ct_text_editor\" data-id=\"60fcc15c\" data-element_type=\"widget\" data-widget_type=\"ct_text_editor.default\">\n\t\t\t\t<div class=\"elementor-widget-container\">\n\t\t\t<div id=\"ct_text_editor-60fcc15c\" class=\"ct-text-editor \">\n\t<div class=\"ct-item--inner\">\n\t\t<div class=\"ct-inline-css\"  data-css=\"\n\t        \">\n\t    <\/div>\n\t\t<div class=\"ct-text-editor elementor-clearfix\"><p>Nuestra experiencia y conocimiento del mercado nos permite brindar una plataforma de soporte robusta. Estamos comprometidos con la formaci\u00f3n y actualizaci\u00f3n permanente del pilar m\u00e1s importante que es nuestro equipo de colaboradores.<\/p><p>\u00a0<\/p><p>Adicional al conocimiento t\u00e9cnico contamos con una visi\u00f3n estrat\u00e9gica enfocada en el conocimiento del negocio de nuestros clientes compartiendo alternativas tecnol\u00f3gicas que potencialicen nuestro crecimiento conjunto.<\/p><\/div>\n\t<\/div>\n<\/div>\t\t<\/div>\n\t\t\t\t<\/div>\n\t\t            <\/div>\n        <\/div>\n                    <\/div>\n        <\/section>\n        <div class=\"elementor-element elementor-element-3925c5b e-flex e-con-boxed e-con e-parent\" data-id=\"3925c5b\" data-element_type=\"container\">\n\t\t\t\t\t<div class=\"e-con-inner\">\n\t\t<div class=\"elementor-element elementor-element-2db70fa e-con-full e-flex e-con e-child\" data-id=\"2db70fa\" data-element_type=\"container\">\n\t\t\t\t<div class=\"elementor-element elementor-element-c476044 elementor-widget elementor-widget-heading\" data-id=\"c476044\" data-element_type=\"widget\" data-widget_type=\"heading.default\">\n\t\t\t\t<div class=\"elementor-widget-container\">\n\t\t\t<h4 class=\"elementor-heading-title elementor-size-default\">\u00bfQui\u00e9nes conf\u00edan en nosotros?<\/h4>\t\t<\/div>\n\t\t\t\t<\/div>\n\t\t\t\t<\/div>\n\t\t<div class=\"elementor-element elementor-element-e842bdf e-con-full e-flex e-con e-child\" data-id=\"e842bdf\" data-element_type=\"container\">\n\t\t\t\t<div class=\"elementor-element elementor-element-54101a3 elementor-widget elementor-widget-image\" data-id=\"54101a3\" data-element_type=\"widget\" data-widget_type=\"image.default\">\n\t\t\t\t<div class=\"elementor-widget-container\">\n\t\t\t\t\t\t\t\t\t\t\t\t\t<img loading=\"lazy\" decoding=\"async\" width=\"640\" height=\"283\" src=\"https:\/\/bcmimprovement.com\/site1\/wp-content\/uploads\/2024\/09\/logos-trust-1024x453.jpg\" class=\"attachment-large size-large wp-image-4833\" alt=\"\" srcset=\"https:\/\/bcmimprovement.com\/site1\/wp-content\/uploads\/2024\/09\/logos-trust-1024x453.jpg 1024w, https:\/\/bcmimprovement.com\/site1\/wp-content\/uploads\/2024\/09\/logos-trust-600x266.jpg 600w, https:\/\/bcmimprovement.com\/site1\/wp-content\/uploads\/2024\/09\/logos-trust-300x133.jpg 300w, https:\/\/bcmimprovement.com\/site1\/wp-content\/uploads\/2024\/09\/logos-trust-768x340.jpg 768w, https:\/\/bcmimprovement.com\/site1\/wp-content\/uploads\/2024\/09\/logos-trust.jpg 1200w\" sizes=\"(max-width: 640px) 100vw, 640px\" \/>\t\t\t\t\t\t\t\t\t\t\t\t\t<\/div>\n\t\t\t\t<\/div>\n\t\t\t\t<\/div>\n\t\t\t\t\t<\/div>\n\t\t\t\t<\/div>\n\t\t        <section class=\"elementor-section elementor-top-section elementor-element elementor-element-64169592 elementor-section-stretched elementor-section-boxed elementor-section-height-default elementor-section-height-default\" data-id=\"64169592\" data-element_type=\"section\" id=\"section-insurance\" data-settings=\"{&quot;stretch_section&quot;:&quot;section-stretched&quot;,&quot;background_background&quot;:&quot;classic&quot;}\">\n            \n                        <div class=\"elementor-container elementor-column-gap-extended \">\n                    <div class=\"elementor-column elementor-col-100 elementor-top-column elementor-element elementor-element-1beca75a\" data-id=\"1beca75a\" data-element_type=\"column\">\n        <div class=\"elementor-widget-wrap elementor-element-populated\">\n                    \n                <section class=\"elementor-section elementor-inner-section elementor-element elementor-element-1d6bcc3c form-custom-color elementor-section-boxed elementor-section-height-default elementor-section-height-default\" data-id=\"1d6bcc3c\" data-element_type=\"section\">\n            \n                        <div class=\"elementor-container elementor-column-gap-extended \">\n                    <div class=\"elementor-column elementor-col-100 elementor-inner-column elementor-element elementor-element-7a08e2bf\" data-id=\"7a08e2bf\" data-element_type=\"column\">\n        <div class=\"elementor-widget-wrap elementor-element-populated\">\n                    \n        \t\t<div class=\"elementor-element elementor-element-3dcd7e9e elementor-widget elementor-widget-ct_heading\" data-id=\"3dcd7e9e\" data-element_type=\"widget\" data-widget_type=\"ct_heading.default\">\n\t\t\t\t<div class=\"elementor-widget-container\">\n\t\t\t<div class=\"ct-heading ct-heading-default h-align- \" data-wow-duration=\"1.2s\">\r\n\t<div class=\"ct-heading--inner\">\r\n            \t\t<div class=\"item--sub-title style4\">\r\n                <span>\r\n                       \r\n                    Obtenga una cotizaci\u00f3n                                            <i class=\"sub-dot-shape\">\r\n                            <i><\/i>\r\n                            <i><\/i>\r\n                            <i><\/i>\r\n                        <\/i>\r\n                            \r\n                <\/span>\r\n            <\/div>\r\n    \t                <h3 class=\"item--title\">\r\n                        Cont\u00e1ctenos        <\/h3>\r\n    <\/div>\r\n<\/div>\t\t<\/div>\n\t\t\t\t<\/div>\n\t\t\t\t<div class=\"elementor-element elementor-element-32fb7034 elementor-widget elementor-widget-html\" data-id=\"32fb7034\" data-element_type=\"widget\" data-widget_type=\"html.default\">\n\t\t\t\t<div class=\"elementor-widget-container\">\n\t\t\t<form action=\"https:\/\/submit-form.com\/cCBzYsWkn\" data-botpoison-public-key=\"pk_ef12ed2a-9927-47aa-bc75-e9d983c7d3c4\">\r\n    <input type=\"hidden\" name=\"_redirect\" value=\"https:\/\/bcmimprovement.com\/site1\/gracias-por-su-mensaje\/\"\/>\r\n    <input type=\"hidden\" name=\"_append\" value=\"false\" \/>\r\n    <input type=\"hidden\" name=\"_error\" value=\"https:\/\/bcmimprovement.com\/site1\/error-en-su-mensaje\/\" \/>\r\n  <label for=\"name\">Nombre<\/label>\r\n  <input type=\"text\" id=\"name\" name=\"name\" placeholder=\"Nombre Apellido\" required=\"\" \/>\r\n  <label for=\"email\">Email<\/label>\r\n  <input type=\"email\" id=\"email\" name=\"email\" placeholder=\"correo@empresa.com\" required=\"\" \/>\r\n  <label for=\"message\">Mensaje<\/label>\r\n  <textarea\r\n    id=\"message\"\r\n    name=\"message\"\r\n    placeholder=\"Escriba aqu\u00ed su solicitud de cotizaci\u00f3n.\"\r\n    required=\"\"\r\n  ><\/textarea>\r\n  <button type=\"submit\">Enviar<\/button>\r\n<\/form>\r\n\t\t<\/div>\n\t\t\t\t<\/div>\n\t\t            <\/div>\n        <\/div>\n                    <\/div>\n        <\/section>\n                    <\/div>\n        <\/div>\n                    <\/div>\n        <\/section>\n        \t\t<\/div>\n\t\t","protected":false},"excerpt":{"rendered":"<p>Nuestra empresa Tecnolog\u00eda de Vanguardia Somos una empresa de inversi\u00f3n mexicana distribuidora de marcas reconocidas, ofrecemos productos de\u00a0calidad en tecnolog\u00eda de punta. Debido a la experiencia, dedicaci\u00f3n y esfuerzo logramos formar alianzas estrat\u00e9gicas de confianza con fabricantes de hardware y software. Identificamos sus necesidades y dise\u00f1amos la soluci\u00f3n m\u00e1s adecuada en costo-beneficio, con calidad, profesionalismo [&hellip;]<\/p>\n","protected":false},"author":1,"featured_media":0,"parent":0,"menu_order":0,"comment_status":"closed","ping_status":"closed","template":"","meta":{"footnotes":""},"class_list":["post-4664","page","type-page","status-publish","hentry"],"_links":{"self":[{"href":"https:\/\/bcmimprovement.com\/site1\/wp-json\/wp\/v2\/pages\/4664","targetHints":{"allow":["GET"]}}],"collection":[{"href":"https:\/\/bcmimprovement.com\/site1\/wp-json\/wp\/v2\/pages"}],"about":[{"href":"https:\/\/bcmimprovement.com\/site1\/wp-json\/wp\/v2\/types\/page"}],"author":[{"embeddable":true,"href":"https:\/\/bcmimprovement.com\/site1\/wp-json\/wp\/v2\/users\/1"}],"replies":[{"embeddable":true,"href":"https:\/\/bcmimprovement.com\/site1\/wp-json\/wp\/v2\/comments?post=4664"}],"version-history":[{"count":16,"href":"https:\/\/bcmimprovement.com\/site1\/wp-json\/wp\/v2\/pages\/4664\/revisions"}],"predecessor-version":[{"id":24571,"href":"https:\/\/bcmimprovement.com\/site1\/wp-json\/wp\/v2\/pages\/4664\/revisions\/24571"}],"wp:attachment":[{"href":"https:\/\/bcmimprovement.com\/site1\/wp-json\/wp\/v2\/media?parent=4664"}],"curies":[{"name":"wp","href":"https:\/\/api.w.org\/{rel}","templated":true}]}}