{"id":4703,"date":"2024-09-04T08:00:45","date_gmt":"2024-09-04T08:00:45","guid":{"rendered":"https:\/\/bcmimprovement.com\/site1\/?page_id=4703"},"modified":"2024-09-05T01:37:29","modified_gmt":"2024-09-05T01:37:29","slug":"servicios","status":"publish","type":"page","link":"https:\/\/bcmimprovement.com\/site1\/servicios\/","title":{"rendered":"Servicios"},"content":{"rendered":"\t\t<div data-elementor-type=\"wp-page\" data-elementor-id=\"4703\" class=\"elementor elementor-4703\">\n\t\t\t\t<div class=\"elementor-element elementor-element-187cdd27 e-flex e-con-boxed e-con e-parent\" data-id=\"187cdd27\" data-element_type=\"container\">\n\t\t\t\t\t<div class=\"e-con-inner\">\n\t\t<div class=\"elementor-element elementor-element-42c26e7a e-con-full e-flex e-con e-child\" data-id=\"42c26e7a\" data-element_type=\"container\">\n\t\t\t\t<\/div>\n\t\t<div class=\"elementor-element elementor-element-2280fd78 e-con-full e-flex e-con e-child\" data-id=\"2280fd78\" data-element_type=\"container\">\n\t\t\t\t<div class=\"elementor-element elementor-element-11986c94 elementor-widget elementor-widget-ct_cover_boxes\" data-id=\"11986c94\" data-element_type=\"widget\" data-widget_type=\"ct_cover_boxes.default\">\n\t\t\t\t<div class=\"elementor-widget-container\">\n\t\t\t    <div class=\"ct-cover-boxes1\">\r\n                    <div class=\"ct-cover-item wow flipInX \">\r\n                <div class=\"ct-cover-inner\">\r\n                    <div class=\"item--image\">\r\n                        <img fetchpriority=\"high\" decoding=\"async\" class=\"\" src=\"https:\/\/bcmimprovement.com\/site1\/wp-content\/uploads\/2021\/01\/007.jpg\" width=\"600\" height=\"400\" alt=\"007\" title=\"007\" \/>                        <div class=\"item--icon\">\r\n                                                            <i aria-hidden=\"true\" class=\"material zmdi zmdi-comment-video\"><\/i>                                                                                    <\/div>\r\n                    <\/div>\r\n                    <div class=\"item--content\">\r\n                        <div class=\"item--content-inner\">\r\n                            <h4 class=\"item--title\">Servicios de Video<\/h4>\r\n                            <div class=\"item--desc\">Servicios de Video<\/div>\r\n                                                            <div class=\"item--readmore\">\r\n                                    <a href=\"#\">Equipos de C\u00f3mputo<i class=\"flaticon-v2-right\"><\/i><\/a>\r\n                                <\/div>\r\n                                                    <\/div>\r\n                    <\/div>\r\n                <\/div>\r\n            <\/div>\r\n            <\/div>\r\n\t\t<\/div>\n\t\t\t\t<\/div>\n\t\t\t\t<div class=\"elementor-element elementor-element-f7dfbb8 elementor-align-center elementor-widget elementor-widget-ct_button\" data-id=\"f7dfbb8\" data-element_type=\"widget\" data-widget_type=\"ct_button.default\">\n\t\t\t\t<div class=\"elementor-widget-container\">\n\t\t\t<div class=\"ct-button-wrapper ct-button-layout1\">\r\n            <span class=\"ct-icon-active\"><\/span>\r\n        <a href=\"https:\/\/bcmimprovement.com\/site1\/servicios\/servicio-de-video\/\" class=\"btn btn-default   ct-align-icon-\" data-wow-delay=\"ms\">\r\n                            <span class=\"ct-button-icon\">\r\n                            <\/span>\r\n                <span class=\"ct-button-text ct-button-text\">Servicios de Video<\/span>\r\n    <\/a>\r\n<\/div>\t\t<\/div>\n\t\t\t\t<\/div>\n\t\t\t\t<\/div>\n\t\t<div class=\"elementor-element elementor-element-2aa2654f e-con-full e-flex e-con e-child\" data-id=\"2aa2654f\" data-element_type=\"container\">\n\t\t\t\t<div class=\"elementor-element elementor-element-2e054296 elementor-widget elementor-widget-ct_cover_boxes\" data-id=\"2e054296\" data-element_type=\"widget\" data-widget_type=\"ct_cover_boxes.default\">\n\t\t\t\t<div class=\"elementor-widget-container\">\n\t\t\t    <div class=\"ct-cover-boxes1\">\r\n                    <div class=\"ct-cover-item wow flipInX \">\r\n                <div class=\"ct-cover-inner\">\r\n                    <div class=\"item--image\">\r\n                        <img decoding=\"async\" class=\"\" src=\"https:\/\/bcmimprovement.com\/site1\/wp-content\/uploads\/2021\/01\/008.jpg\" width=\"600\" height=\"400\" alt=\"008\" title=\"008\" \/>                        <div class=\"item--icon\">\r\n                                                            <i aria-hidden=\"true\" class=\"fas fa-users\"><\/i>                                                                                    <\/div>\r\n                    <\/div>\r\n                    <div class=\"item--content\">\r\n                        <div class=\"item--content-inner\">\r\n                            <h4 class=\"item--title\">Servicios de Staffing<\/h4>\r\n                            <div class=\"item--desc\">Servicios de Staffing<\/div>\r\n                                                            <div class=\"item--readmore\">\r\n                                    <a href=\"#\">Equipos de C\u00f3mputo<i class=\"flaticon-v2-right\"><\/i><\/a>\r\n                                <\/div>\r\n                                                    <\/div>\r\n                    <\/div>\r\n                <\/div>\r\n            <\/div>\r\n            <\/div>\r\n\t\t<\/div>\n\t\t\t\t<\/div>\n\t\t\t\t<div class=\"elementor-element elementor-element-69cf7e54 elementor-align-center elementor-widget elementor-widget-ct_button\" data-id=\"69cf7e54\" data-element_type=\"widget\" data-widget_type=\"ct_button.default\">\n\t\t\t\t<div class=\"elementor-widget-container\">\n\t\t\t<div class=\"ct-button-wrapper ct-button-layout1\">\r\n            <span class=\"ct-icon-active\"><\/span>\r\n        <a href=\"https:\/\/bcmimprovement.com\/site1\/servicios\/servicio-de-staffing\/\" class=\"btn btn-default   ct-align-icon-\" data-wow-delay=\"ms\">\r\n                            <span class=\"ct-button-icon\">\r\n                            <\/span>\r\n                <span class=\"ct-button-text ct-button-text\">Servicios de Staffing<\/span>\r\n    <\/a>\r\n<\/div>\t\t<\/div>\n\t\t\t\t<\/div>\n\t\t\t\t<\/div>\n\t\t<div class=\"elementor-element elementor-element-2b70f75f e-con-full e-flex e-con e-child\" data-id=\"2b70f75f\" data-element_type=\"container\">\n\t\t\t\t<\/div>\n\t\t\t\t\t<\/div>\n\t\t\t\t<\/div>\n\t\t        <section class=\"elementor-section elementor-top-section elementor-element elementor-element-739bb792 elementor-section-stretched elementor-section-boxed elementor-section-height-default elementor-section-height-default\" data-id=\"739bb792\" data-element_type=\"section\" id=\"section-insurance\" data-settings=\"{&quot;stretch_section&quot;:&quot;section-stretched&quot;,&quot;background_background&quot;:&quot;classic&quot;}\">\n            \n                        <div class=\"elementor-container elementor-column-gap-extended \">\n                    <div class=\"elementor-column elementor-col-100 elementor-top-column elementor-element elementor-element-4a08d044\" data-id=\"4a08d044\" data-element_type=\"column\">\n        <div class=\"elementor-widget-wrap elementor-element-populated\">\n                    \n                <section class=\"elementor-section elementor-inner-section elementor-element elementor-element-72dc38df form-custom-color elementor-section-boxed elementor-section-height-default elementor-section-height-default\" data-id=\"72dc38df\" data-element_type=\"section\">\n            \n                        <div class=\"elementor-container elementor-column-gap-extended \">\n                    <div class=\"elementor-column elementor-col-50 elementor-inner-column elementor-element elementor-element-c6a6643\" data-id=\"c6a6643\" data-element_type=\"column\">\n        <div class=\"elementor-widget-wrap elementor-element-populated\">\n                    \n        \t\t<div class=\"elementor-element elementor-element-1012cd2a elementor-widget elementor-widget-ct_heading\" data-id=\"1012cd2a\" data-element_type=\"widget\" data-widget_type=\"ct_heading.default\">\n\t\t\t\t<div class=\"elementor-widget-container\">\n\t\t\t<div class=\"ct-heading ct-heading-default h-align- \" data-wow-duration=\"1.2s\">\r\n\t<div class=\"ct-heading--inner\">\r\n            \t\t<div class=\"item--sub-title style4\">\r\n                <span>\r\n                       \r\n                    Obtenga una cotizaci\u00f3n                                            <i class=\"sub-dot-shape\">\r\n                            <i><\/i>\r\n                            <i><\/i>\r\n                            <i><\/i>\r\n                        <\/i>\r\n                            \r\n                <\/span>\r\n            <\/div>\r\n    \t                <h3 class=\"item--title\">\r\n                        Cont\u00e1ctenos        <\/h3>\r\n    <\/div>\r\n<\/div>\t\t<\/div>\n\t\t\t\t<\/div>\n\t\t\t\t<div class=\"elementor-element elementor-element-154a5088 elementor-widget elementor-widget-html\" data-id=\"154a5088\" data-element_type=\"widget\" data-widget_type=\"html.default\">\n\t\t\t\t<div class=\"elementor-widget-container\">\n\t\t\t<form action=\"https:\/\/submit-form.com\/cCBzYsWkn\">\r\n    <input type=\"hidden\" name=\"_redirect\" value=\"https:\/\/bcmimprovement.com\/site1\/gracias-por-su-mensaje\/\"\/>\r\n    <input type=\"hidden\" name=\"_error\" value=\"https:\/\/bcmimprovement.com\/site1\/error-en-su-mensaje\/\" \/>\r\n  <label for=\"name\">Nombre<\/label>\r\n  <input type=\"text\" id=\"name\" name=\"name\" placeholder=\"Nombre Apellido\" required=\"\" \/>\r\n  <label for=\"email\">Email<\/label>\r\n  <input type=\"email\" id=\"email\" name=\"email\" placeholder=\"correo@empresa.com\" required=\"\" \/>\r\n  <label for=\"message\">Mensaje<\/label>\r\n  <textarea\r\n    id=\"message\"\r\n    name=\"message\"\r\n    placeholder=\"Escriba aqu\u00ed su solicitud de cotizaci\u00f3n.\"\r\n    required=\"\"\r\n  ><\/textarea>\r\n  <button type=\"submit\">Enviar<\/button>\r\n<\/form>\r\n\t\t<\/div>\n\t\t\t\t<\/div>\n\t\t            <\/div>\n        <\/div>\n                <div class=\"elementor-column elementor-col-50 elementor-inner-column elementor-element elementor-element-1d94d4e\" data-id=\"1d94d4e\" data-element_type=\"column\">\n        <div class=\"elementor-widget-wrap elementor-element-populated\">\n                    \n        \t\t<div class=\"elementor-element elementor-element-334be26a elementor-widget elementor-widget-ct_text_editor\" data-id=\"334be26a\" data-element_type=\"widget\" data-widget_type=\"ct_text_editor.default\">\n\t\t\t\t<div class=\"elementor-widget-container\">\n\t\t\t<div id=\"ct_text_editor-334be26a\" class=\"ct-text-editor \">\n\t<div class=\"ct-item--inner\">\n\t\t<div class=\"ct-inline-css\"  data-css=\"\n\t        \">\n\t    <\/div>\n\t\t<div class=\"ct-text-editor elementor-clearfix\"><p>Soluciones tecnol\u00f3gicas para su negocio.<\/p><\/div>\n\t<\/div>\n<\/div>\t\t<\/div>\n\t\t\t\t<\/div>\n\t\t\t\t<div class=\"elementor-element elementor-element-22fd290c elementor-widget elementor-widget-ct_text_editor\" data-id=\"22fd290c\" data-element_type=\"widget\" data-widget_type=\"ct_text_editor.default\">\n\t\t\t\t<div class=\"elementor-widget-container\">\n\t\t\t<div id=\"ct_text_editor-22fd290c\" class=\"ct-text-editor \">\n\t<div class=\"ct-item--inner\">\n\t\t<div class=\"ct-inline-css\"  data-css=\"\n\t        \">\n\t    <\/div>\n\t\t<div class=\"ct-text-editor elementor-clearfix\"><p>Nuestra experiencia y conocimiento del mercado nos permite brindar una plataforma de soporte robusta. Estamos comprometidos con la formaci\u00f3n y actualizaci\u00f3n permanente del pilar m\u00e1s importante que es nuestro equipo de colaboradores.<\/p><p>Adicional al conocimiento t\u00e9cnico contamos con una visi\u00f3n estrat\u00e9gica enfocada en el conocimiento del negocio de nuestros clientes compartiendo alternativas tecnol\u00f3gicas que potencialicen nuestro crecimiento conjunto.<\/p><\/div>\n\t<\/div>\n<\/div>\t\t<\/div>\n\t\t\t\t<\/div>\n\t\t\t\t<div class=\"elementor-element elementor-element-128184d9 elementor-widget elementor-widget-ct_text_editor\" data-id=\"128184d9\" data-element_type=\"widget\" data-widget_type=\"ct_text_editor.default\">\n\t\t\t\t<div class=\"elementor-widget-container\">\n\t\t\t<div id=\"ct_text_editor-128184d9\" class=\"ct-text-editor \">\n\t<div class=\"ct-item--inner\">\n\t\t<div class=\"ct-inline-css\"  data-css=\"\n\t        \">\n\t    <\/div>\n\t\t<div class=\"ct-text-editor elementor-clearfix\"><p><strong>contacto@bcmimprovement.com<\/strong><\/p><\/div>\n\t<\/div>\n<\/div>\t\t<\/div>\n\t\t\t\t<\/div>\n\t\t\t\t<div class=\"elementor-element elementor-element-2f8912e6 elementor-widget elementor-widget-ct_text_editor\" data-id=\"2f8912e6\" data-element_type=\"widget\" data-widget_type=\"ct_text_editor.default\">\n\t\t\t\t<div class=\"elementor-widget-container\">\n\t\t\t<div id=\"ct_text_editor-2f8912e6\" class=\"ct-text-editor \">\n\t<div class=\"ct-item--inner\">\n\t\t<div class=\"ct-inline-css\"  data-css=\"\n\t        \">\n\t    <\/div>\n\t\t<div class=\"ct-text-editor elementor-clearfix\"><p><i class=\"flaticon-telephone text-gradient icon-space-right\"><\/i>Ll\u00e1menos: <a href=\"tel:+524423560868\">442.356.08.68<\/a><\/p><\/div>\n\t<\/div>\n<\/div>\t\t<\/div>\n\t\t\t\t<\/div>\n\t\t\t\t<div class=\"elementor-element elementor-element-5253f7eb elementor-widget elementor-widget-ct_text_editor\" data-id=\"5253f7eb\" data-element_type=\"widget\" data-widget_type=\"ct_text_editor.default\">\n\t\t\t\t<div class=\"elementor-widget-container\">\n\t\t\t<div id=\"ct_text_editor-5253f7eb\" class=\"ct-text-editor \">\n\t<div class=\"ct-item--inner\">\n\t\t<div class=\"ct-inline-css\"  data-css=\"\n\t        \">\n\t    <\/div>\n\t\t<div class=\"ct-text-editor elementor-clearfix\"><p><i class=\"material zmdi zmdi-whatsapp text-gradient icon-space-right\"><\/i>Whatsapp: <a href=\"https:\/\/wa.me\/524423560868\">442.356.08.68<\/a><\/p><\/div>\n\t<\/div>\n<\/div>\t\t<\/div>\n\t\t\t\t<\/div>\n\t\t            <\/div>\n        <\/div>\n                    <\/div>\n        <\/section>\n                    <\/div>\n        <\/div>\n                    <\/div>\n        <\/section>\n        \t\t<\/div>\n\t\t","protected":false},"excerpt":{"rendered":"<p>Servicios de Video Servicios de Video Equipos de C\u00f3mputo Servicios de Video Servicios de Staffing Servicios de Staffing Equipos de C\u00f3mputo Servicios de Staffing Obtenga una cotizaci\u00f3n Cont\u00e1ctenos Nombre Email Mensaje Enviar Soluciones tecnol\u00f3gicas para su negocio. Nuestra experiencia y conocimiento del mercado nos permite brindar una plataforma de soporte robusta. Estamos comprometidos con la [&hellip;]<\/p>\n","protected":false},"author":1,"featured_media":0,"parent":0,"menu_order":0,"comment_status":"closed","ping_status":"closed","template":"","meta":{"footnotes":""},"class_list":["post-4703","page","type-page","status-publish","hentry"],"_links":{"self":[{"href":"https:\/\/bcmimprovement.com\/site1\/wp-json\/wp\/v2\/pages\/4703","targetHints":{"allow":["GET"]}}],"collection":[{"href":"https:\/\/bcmimprovement.com\/site1\/wp-json\/wp\/v2\/pages"}],"about":[{"href":"https:\/\/bcmimprovement.com\/site1\/wp-json\/wp\/v2\/types\/page"}],"author":[{"embeddable":true,"href":"https:\/\/bcmimprovement.com\/site1\/wp-json\/wp\/v2\/users\/1"}],"replies":[{"embeddable":true,"href":"https:\/\/bcmimprovement.com\/site1\/wp-json\/wp\/v2\/comments?post=4703"}],"version-history":[{"count":13,"href":"https:\/\/bcmimprovement.com\/site1\/wp-json\/wp\/v2\/pages\/4703\/revisions"}],"predecessor-version":[{"id":4960,"href":"https:\/\/bcmimprovement.com\/site1\/wp-json\/wp\/v2\/pages\/4703\/revisions\/4960"}],"wp:attachment":[{"href":"https:\/\/bcmimprovement.com\/site1\/wp-json\/wp\/v2\/media?parent=4703"}],"curies":[{"name":"wp","href":"https:\/\/api.w.org\/{rel}","templated":true}]}}