{"id":11346,"date":"2024-10-07T17:04:39","date_gmt":"2024-10-07T17:04:39","guid":{"rendered":"https:\/\/bcmimprovement.com\/site1\/producto\/tapa-para-nodo-de-red-brobotix-938276\/"},"modified":"2024-10-07T17:04:39","modified_gmt":"2024-10-07T17:04:39","slug":"tapa-para-nodo-de-red-brobotix-938276","status":"publish","type":"product","link":"https:\/\/bcmimprovement.com\/site1\/producto\/tapa-para-nodo-de-red-brobotix-938276\/","title":{"rendered":"Tapa para Nodo de Red BROBOTIX 938276"},"content":{"rendered":"<p>TAPA &#8211; FACEPLATE DE 1 PANEL PARA JACK &#8211; ENSAMBLE F\u00c1CIL Y SEGURO A PRESI\u00d3N, L\u00cdNEA ELITE, MET\u00c1LICO, BLANCO, BROBOTIX 938276<\/p>\n<p>EAN: 7503028558612<\/p>\n<p>Color del producto: Blanco<br \/>\nCantidad de enchufes: 1<br \/>\nMateriales: Pl\u00e1stico<\/p>\n","protected":false},"excerpt":{"rendered":"<p><strong>TAPA &#8211; FACEPLATE DE 1 PANEL PARA JACK &#8211; ENSAMBLE F\u00c1CIL Y SEGURO A PRESI\u00d3N, L\u00cdNEA ELITE, MET\u00c1LICO, BLANCO, BROBOTIX 938276<\/strong><\/p>\n","protected":false},"featured_media":11347,"comment_status":"closed","ping_status":"open","template":"","meta":[],"product_cat":[100,116],"product_tag":[],"class_list":{"0":"post-11346","1":"product","2":"type-product","3":"status-publish","4":"has-post-thumbnail","6":"product_cat-cables","7":"product_cat-placas-de-pared","9":"first","10":"instock","11":"product-type-simple"},"_links":{"self":[{"href":"https:\/\/bcmimprovement.com\/site1\/wp-json\/wp\/v2\/product\/11346","targetHints":{"allow":["GET"]}}],"collection":[{"href":"https:\/\/bcmimprovement.com\/site1\/wp-json\/wp\/v2\/product"}],"about":[{"href":"https:\/\/bcmimprovement.com\/site1\/wp-json\/wp\/v2\/types\/product"}],"replies":[{"embeddable":true,"href":"https:\/\/bcmimprovement.com\/site1\/wp-json\/wp\/v2\/comments?post=11346"}],"wp:featuredmedia":[{"embeddable":true,"href":"https:\/\/bcmimprovement.com\/site1\/wp-json\/wp\/v2\/media\/11347"}],"wp:attachment":[{"href":"https:\/\/bcmimprovement.com\/site1\/wp-json\/wp\/v2\/media?parent=11346"}],"wp:term":[{"taxonomy":"product_cat","embeddable":true,"href":"https:\/\/bcmimprovement.com\/site1\/wp-json\/wp\/v2\/product_cat?post=11346"},{"taxonomy":"product_tag","embeddable":true,"href":"https:\/\/bcmimprovement.com\/site1\/wp-json\/wp\/v2\/product_tag?post=11346"}],"curies":[{"name":"wp","href":"https:\/\/api.w.org\/{rel}","templated":true}]}}