{"id":11900,"date":"2024-10-07T17:29:02","date_gmt":"2024-10-07T17:29:02","guid":{"rendered":"https:\/\/bcmimprovement.com\/site1\/producto\/bobina-intellinet-cat-6\/"},"modified":"2024-10-07T17:29:03","modified_gmt":"2024-10-07T17:29:03","slug":"bobina-intellinet-cat-6","status":"publish","type":"product","link":"https:\/\/bcmimprovement.com\/site1\/producto\/bobina-intellinet-cat-6\/","title":{"rendered":"Bobina INTELLINET Cat 6"},"content":{"rendered":"<p>705059 Bobina de Cable UTP Cat6 &#8211; S\u00f3lida, 100  cobre, 305m Color Azul, Filamento s\u00f3lido, Conductor 100  cobre, Clasificaci\u00f3n CM.<\/p>\n<p>UPC: 766623705059<\/p>\n<p>Color del producto: Azul<br \/>\nTipo de conductor: Interior<br \/>\nLongitud de cable: 305 m<br \/>\nTipo de cable: Cat6<br \/>\nMaterial del cable: 100% Cobre<\/p>\n","protected":false},"excerpt":{"rendered":"<p><strong>705059 Bobina de Cable UTP Cat6 &#8211; S\u00f3lida, 100  cobre, 305m Color Azul, Filamento s\u00f3lido, Conductor 100  cobre, Clasificaci\u00f3n CM.<\/strong><\/p>\n","protected":false},"featured_media":11901,"comment_status":"closed","ping_status":"open","template":"","meta":[],"product_cat":[101,100],"product_tag":[],"class_list":{"0":"post-11900","1":"product","2":"type-product","3":"status-publish","4":"has-post-thumbnail","6":"product_cat-bobinas","7":"product_cat-cables","9":"first","10":"instock","11":"product-type-simple"},"_links":{"self":[{"href":"https:\/\/bcmimprovement.com\/site1\/wp-json\/wp\/v2\/product\/11900","targetHints":{"allow":["GET"]}}],"collection":[{"href":"https:\/\/bcmimprovement.com\/site1\/wp-json\/wp\/v2\/product"}],"about":[{"href":"https:\/\/bcmimprovement.com\/site1\/wp-json\/wp\/v2\/types\/product"}],"replies":[{"embeddable":true,"href":"https:\/\/bcmimprovement.com\/site1\/wp-json\/wp\/v2\/comments?post=11900"}],"wp:featuredmedia":[{"embeddable":true,"href":"https:\/\/bcmimprovement.com\/site1\/wp-json\/wp\/v2\/media\/11901"}],"wp:attachment":[{"href":"https:\/\/bcmimprovement.com\/site1\/wp-json\/wp\/v2\/media?parent=11900"}],"wp:term":[{"taxonomy":"product_cat","embeddable":true,"href":"https:\/\/bcmimprovement.com\/site1\/wp-json\/wp\/v2\/product_cat?post=11900"},{"taxonomy":"product_tag","embeddable":true,"href":"https:\/\/bcmimprovement.com\/site1\/wp-json\/wp\/v2\/product_tag?post=11900"}],"curies":[{"name":"wp","href":"https:\/\/api.w.org\/{rel}","templated":true}]}}