{"id":11938,"date":"2024-10-07T17:30:40","date_gmt":"2024-10-07T17:30:40","guid":{"rendered":"https:\/\/bcmimprovement.com\/site1\/producto\/unidad-de-fibra-optica-ubiquiti-uf-wifi\/"},"modified":"2024-10-07T17:30:41","modified_gmt":"2024-10-07T17:30:41","slug":"unidad-de-fibra-optica-ubiquiti-uf-wifi","status":"publish","type":"product","link":"https:\/\/bcmimprovement.com\/site1\/producto\/unidad-de-fibra-optica-ubiquiti-uf-wifi\/","title":{"rendered":"Unidad de fibra \u00f3ptica UBIQUITI UF-WIFI"},"content":{"rendered":"<p>Unidad de fibra \u00f3ptica UBIQUITI UF-WIFI &#8211; \u00d3ptica<\/p>\n<p>UPC: 817882026949<\/p>\n<p>Tipo de cable: \u00d3ptica<\/p>\n","protected":false},"excerpt":{"rendered":"<p><strong>Unidad de fibra \u00f3ptica UBIQUITI UF-WIFI &#8211; \u00d3ptica<\/strong><\/p>\n","protected":false},"featured_media":11939,"comment_status":"closed","ping_status":"open","template":"","meta":[],"product_cat":[100,121],"product_tag":[],"class_list":{"0":"post-11938","1":"product","2":"type-product","3":"status-publish","4":"has-post-thumbnail","6":"product_cat-cables","7":"product_cat-fibras-opticas","9":"first","10":"instock","11":"product-type-simple"},"_links":{"self":[{"href":"https:\/\/bcmimprovement.com\/site1\/wp-json\/wp\/v2\/product\/11938","targetHints":{"allow":["GET"]}}],"collection":[{"href":"https:\/\/bcmimprovement.com\/site1\/wp-json\/wp\/v2\/product"}],"about":[{"href":"https:\/\/bcmimprovement.com\/site1\/wp-json\/wp\/v2\/types\/product"}],"replies":[{"embeddable":true,"href":"https:\/\/bcmimprovement.com\/site1\/wp-json\/wp\/v2\/comments?post=11938"}],"wp:featuredmedia":[{"embeddable":true,"href":"https:\/\/bcmimprovement.com\/site1\/wp-json\/wp\/v2\/media\/11939"}],"wp:attachment":[{"href":"https:\/\/bcmimprovement.com\/site1\/wp-json\/wp\/v2\/media?parent=11938"}],"wp:term":[{"taxonomy":"product_cat","embeddable":true,"href":"https:\/\/bcmimprovement.com\/site1\/wp-json\/wp\/v2\/product_cat?post=11938"},{"taxonomy":"product_tag","embeddable":true,"href":"https:\/\/bcmimprovement.com\/site1\/wp-json\/wp\/v2\/product_tag?post=11938"}],"curies":[{"name":"wp","href":"https:\/\/api.w.org\/{rel}","templated":true}]}}