{"id":12220,"date":"2024-10-07T17:42:48","date_gmt":"2024-10-07T17:42:48","guid":{"rendered":"https:\/\/bcmimprovement.com\/site1\/producto\/cable-auxiliar-de-audio-estereo-3-5-mm-manhattan-356015\/"},"modified":"2024-10-07T17:42:49","modified_gmt":"2024-10-07T17:42:49","slug":"cable-auxiliar-de-audio-estereo-3-5-mm-manhattan-356015","status":"publish","type":"product","link":"https:\/\/bcmimprovement.com\/site1\/producto\/cable-auxiliar-de-audio-estereo-3-5-mm-manhattan-356015\/","title":{"rendered":"Cable Auxiliar de Audio Est\u00e9reo 3.5 mm MANHATTAN 356015"},"content":{"rendered":"<p>356015 Cable Auxiliar de Audio Est\u00e9reo &#8211; Dos conectores macho de 3.5 mm, 5m, contactos chapados en oro, dise\u00f1o delgado, negro\/plata.<\/p>\n<p>UPC: 766623356015<\/p>\n<p>Tipo de g\u00e9nero: Macho \/ Macho<br \/>\nLongitud de cable: 5 m<br \/>\nColor del producto: Negro\/Plata<\/p>\n","protected":false},"excerpt":{"rendered":"<p><strong>356015 Cable Auxiliar de Audio Est\u00e9reo &#8211; Dos conectores macho de 3.5 mm, 5m, contactos chapados en oro, dise\u00f1o delgado, negro\/plata.<\/strong><\/p>\n","protected":false},"featured_media":12221,"comment_status":"closed","ping_status":"open","template":"","meta":[],"product_cat":[100,103],"product_tag":[],"class_list":{"0":"post-12220","1":"product","2":"type-product","3":"status-publish","4":"has-post-thumbnail","6":"product_cat-cables","7":"product_cat-cables-de-audio","9":"first","10":"instock","11":"product-type-simple"},"_links":{"self":[{"href":"https:\/\/bcmimprovement.com\/site1\/wp-json\/wp\/v2\/product\/12220","targetHints":{"allow":["GET"]}}],"collection":[{"href":"https:\/\/bcmimprovement.com\/site1\/wp-json\/wp\/v2\/product"}],"about":[{"href":"https:\/\/bcmimprovement.com\/site1\/wp-json\/wp\/v2\/types\/product"}],"replies":[{"embeddable":true,"href":"https:\/\/bcmimprovement.com\/site1\/wp-json\/wp\/v2\/comments?post=12220"}],"wp:featuredmedia":[{"embeddable":true,"href":"https:\/\/bcmimprovement.com\/site1\/wp-json\/wp\/v2\/media\/12221"}],"wp:attachment":[{"href":"https:\/\/bcmimprovement.com\/site1\/wp-json\/wp\/v2\/media?parent=12220"}],"wp:term":[{"taxonomy":"product_cat","embeddable":true,"href":"https:\/\/bcmimprovement.com\/site1\/wp-json\/wp\/v2\/product_cat?post=12220"},{"taxonomy":"product_tag","embeddable":true,"href":"https:\/\/bcmimprovement.com\/site1\/wp-json\/wp\/v2\/product_tag?post=12220"}],"curies":[{"name":"wp","href":"https:\/\/api.w.org\/{rel}","templated":true}]}}