{"id":13071,"date":"2024-10-07T19:03:36","date_gmt":"2024-10-07T19:03:36","guid":{"rendered":"https:\/\/bcmimprovement.com\/site1\/producto\/laptops-acer-tmp215-54-37v4\/"},"modified":"2024-10-07T19:03:37","modified_gmt":"2024-10-07T19:03:37","slug":"laptops-acer-tmp215-54-37v4","status":"publish","type":"product","link":"https:\/\/bcmimprovement.com\/site1\/producto\/laptops-acer-tmp215-54-37v4\/","title":{"rendered":"Laptops ACER TMP215-54-37V4"},"content":{"rendered":"<p>LAPTOP ACER TRAVELMATE P2 CORE I3-1215U; 15.6 FHD; 8 GB RAM; 512 GB PCIe NVMe SSD; WINDOWS 11 PRO; 1 A\u00d1O DE SEGURO CONTRA ROBO;  1 a\u00f1o de garant\u00eda + 1 a\u00f1o &#8211;<\/p>\n<p>UPC: 195133232449EAN: 4711121874666<\/p>\n<p>Memoria interna: 8 GB<br \/>\nFamilia de procesador: Intel Core i3<br \/>\nDiagonal de la pantalla: 15.6 pulgadas<br \/>\nCapacidad de disco duro: 512 GB SSD<br \/>\nSistema operativo instalado: Windows 11 Pro<br \/>\nModelo del procesador: i3-1215U<\/p>\n","protected":false},"excerpt":{"rendered":"<p><strong>LAPTOP ACER TRAVELMATE P2 CORE I3-1215U; 15.6 FHD; 8 GB RAM; 512 GB PCIe NVMe SSD; WINDOWS 11 PRO; 1 A\u00d1O DE SEGURO CONTRA ROBO;  1 a\u00f1o de garant\u00eda + 1 a\u00f1o &#8211;<\/strong><\/p>\n","protected":false},"featured_media":13072,"comment_status":"closed","ping_status":"open","template":"","meta":[],"product_cat":[39,40],"product_tag":[],"class_list":{"0":"post-13071","1":"product","2":"type-product","3":"status-publish","4":"has-post-thumbnail","6":"product_cat-computadoras","7":"product_cat-laptops","9":"first","10":"instock","11":"product-type-simple"},"_links":{"self":[{"href":"https:\/\/bcmimprovement.com\/site1\/wp-json\/wp\/v2\/product\/13071","targetHints":{"allow":["GET"]}}],"collection":[{"href":"https:\/\/bcmimprovement.com\/site1\/wp-json\/wp\/v2\/product"}],"about":[{"href":"https:\/\/bcmimprovement.com\/site1\/wp-json\/wp\/v2\/types\/product"}],"replies":[{"embeddable":true,"href":"https:\/\/bcmimprovement.com\/site1\/wp-json\/wp\/v2\/comments?post=13071"}],"wp:featuredmedia":[{"embeddable":true,"href":"https:\/\/bcmimprovement.com\/site1\/wp-json\/wp\/v2\/media\/13072"}],"wp:attachment":[{"href":"https:\/\/bcmimprovement.com\/site1\/wp-json\/wp\/v2\/media?parent=13071"}],"wp:term":[{"taxonomy":"product_cat","embeddable":true,"href":"https:\/\/bcmimprovement.com\/site1\/wp-json\/wp\/v2\/product_cat?post=13071"},{"taxonomy":"product_tag","embeddable":true,"href":"https:\/\/bcmimprovement.com\/site1\/wp-json\/wp\/v2\/product_tag?post=13071"}],"curies":[{"name":"wp","href":"https:\/\/api.w.org\/{rel}","templated":true}]}}