{"id":13275,"date":"2024-10-07T19:17:09","date_gmt":"2024-10-07T19:17:09","guid":{"rendered":"https:\/\/bcmimprovement.com\/site1\/producto\/laptop-acer-an515-46-r5xn\/"},"modified":"2024-10-07T19:17:09","modified_gmt":"2024-10-07T19:17:09","slug":"laptop-acer-an515-46-r5xn","status":"publish","type":"product","link":"https:\/\/bcmimprovement.com\/site1\/producto\/laptop-acer-an515-46-r5xn\/","title":{"rendered":"Laptop ACER AN515-46-R5XN"},"content":{"rendered":"<p>ACER GAMER NITRO V Ryzen 7 6800H; 16GB &#8211; 1 TB SSD, RTX3070Ti, Win 11H; 15.6, Teclado RGB en ingl\u00e9s, 1 a\u00f1o de garant\u00eda, equipo de importaci\u00f3n.<\/p>\n<p>UPC: 195133195607EAN: 4711121491535<\/p>\n<p>Memoria interna: 16 GB<br \/>\nDiagonal de la pantalla: 15.6 pulgadas<br \/>\nFamilia de procesador: AMD Ryzen 7<br \/>\nCapacidad de disco duro: 1 TB SSD<br \/>\nSistema operativo instalado: Windows 11 Home<br \/>\nModelo del procesador: 7 6800H<\/p>\n","protected":false},"excerpt":{"rendered":"<p><strong>ACER GAMER NITRO V Ryzen 7 6800H; 16GB &#8211; 1 TB SSD, RTX3070Ti, Win 11H; 15.6, Teclado RGB en ingl\u00e9s, 1 a\u00f1o de garant\u00eda, equipo de importaci\u00f3n.<\/strong><\/p>\n","protected":false},"featured_media":13276,"comment_status":"closed","ping_status":"open","template":"","meta":[],"product_cat":[39,40],"product_tag":[],"class_list":{"0":"post-13275","1":"product","2":"type-product","3":"status-publish","4":"has-post-thumbnail","6":"product_cat-computadoras","7":"product_cat-laptops","9":"first","10":"instock","11":"product-type-simple"},"_links":{"self":[{"href":"https:\/\/bcmimprovement.com\/site1\/wp-json\/wp\/v2\/product\/13275","targetHints":{"allow":["GET"]}}],"collection":[{"href":"https:\/\/bcmimprovement.com\/site1\/wp-json\/wp\/v2\/product"}],"about":[{"href":"https:\/\/bcmimprovement.com\/site1\/wp-json\/wp\/v2\/types\/product"}],"replies":[{"embeddable":true,"href":"https:\/\/bcmimprovement.com\/site1\/wp-json\/wp\/v2\/comments?post=13275"}],"wp:featuredmedia":[{"embeddable":true,"href":"https:\/\/bcmimprovement.com\/site1\/wp-json\/wp\/v2\/media\/13276"}],"wp:attachment":[{"href":"https:\/\/bcmimprovement.com\/site1\/wp-json\/wp\/v2\/media?parent=13275"}],"wp:term":[{"taxonomy":"product_cat","embeddable":true,"href":"https:\/\/bcmimprovement.com\/site1\/wp-json\/wp\/v2\/product_cat?post=13275"},{"taxonomy":"product_tag","embeddable":true,"href":"https:\/\/bcmimprovement.com\/site1\/wp-json\/wp\/v2\/product_tag?post=13275"}],"curies":[{"name":"wp","href":"https:\/\/api.w.org\/{rel}","templated":true}]}}