{"id":13453,"date":"2024-10-07T19:50:54","date_gmt":"2024-10-07T19:50:54","guid":{"rendered":"https:\/\/bcmimprovement.com\/site1\/producto\/tanque-de-tinta-canon-pfi-102-c\/"},"modified":"2024-10-07T19:50:54","modified_gmt":"2024-10-07T19:50:54","slug":"tanque-de-tinta-canon-pfi-102-c","status":"publish","type":"product","link":"https:\/\/bcmimprovement.com\/site1\/producto\/tanque-de-tinta-canon-pfi-102-c\/","title":{"rendered":"Tanque de Tinta CANON PFI-102 C"},"content":{"rendered":"<p>Tanque de Tinta CANON PFI-102 C &#8211; Cian, Inyecci\u00f3n de tinta<\/p>\n<p>UPC: 013803058338EAN: 4960999299785<\/p>\n<p>Colores de impresi\u00f3n: Cian<br \/>\nTecnolog\u00eda de impresi\u00f3n: Inyecci\u00f3n de tinta<\/p>\n","protected":false},"excerpt":{"rendered":"<p><strong>Tanque de Tinta CANON PFI-102 C &#8211; Cian, Inyecci\u00f3n de tinta<\/strong><\/p>\n","protected":false},"featured_media":13454,"comment_status":"closed","ping_status":"open","template":"","meta":[],"product_cat":[126,131],"product_tag":[],"class_list":{"0":"post-13453","1":"product","2":"type-product","3":"status-publish","4":"has-post-thumbnail","6":"product_cat-consumibles","7":"product_cat-tinta","9":"first","10":"instock","11":"product-type-simple"},"_links":{"self":[{"href":"https:\/\/bcmimprovement.com\/site1\/wp-json\/wp\/v2\/product\/13453","targetHints":{"allow":["GET"]}}],"collection":[{"href":"https:\/\/bcmimprovement.com\/site1\/wp-json\/wp\/v2\/product"}],"about":[{"href":"https:\/\/bcmimprovement.com\/site1\/wp-json\/wp\/v2\/types\/product"}],"replies":[{"embeddable":true,"href":"https:\/\/bcmimprovement.com\/site1\/wp-json\/wp\/v2\/comments?post=13453"}],"wp:featuredmedia":[{"embeddable":true,"href":"https:\/\/bcmimprovement.com\/site1\/wp-json\/wp\/v2\/media\/13454"}],"wp:attachment":[{"href":"https:\/\/bcmimprovement.com\/site1\/wp-json\/wp\/v2\/media?parent=13453"}],"wp:term":[{"taxonomy":"product_cat","embeddable":true,"href":"https:\/\/bcmimprovement.com\/site1\/wp-json\/wp\/v2\/product_cat?post=13453"},{"taxonomy":"product_tag","embeddable":true,"href":"https:\/\/bcmimprovement.com\/site1\/wp-json\/wp\/v2\/product_tag?post=13453"}],"curies":[{"name":"wp","href":"https:\/\/api.w.org\/{rel}","templated":true}]}}