{"id":13461,"date":"2024-10-07T19:51:13","date_gmt":"2024-10-07T19:51:13","guid":{"rendered":"https:\/\/bcmimprovement.com\/site1\/producto\/toner-canon-gpr-15\/"},"modified":"2024-10-07T19:51:13","modified_gmt":"2024-10-07T19:51:13","slug":"toner-canon-gpr-15","status":"publish","type":"product","link":"https:\/\/bcmimprovement.com\/site1\/producto\/toner-canon-gpr-15\/","title":{"rendered":"T\u00f3ner CANON GPR-15"},"content":{"rendered":"<p>Cartucho t\u00f3ner CANON GPR-15 &#8211; 21000 p\u00e1ginas, Negro, Laser<\/p>\n<p>UPC: 013803046120<\/p>\n<p>Colores de impresi\u00f3n: Negro<br \/>\nTecnolog\u00eda de impresi\u00f3n: Laser<br \/>\nProducci\u00f3n de papel: 21000 p\u00e1ginas<\/p>\n","protected":false},"excerpt":{"rendered":"<p><strong>Cartucho t\u00f3ner CANON GPR-15 &#8211; 21000 p\u00e1ginas, Negro, Laser<\/strong><\/p>\n","protected":false},"featured_media":13462,"comment_status":"closed","ping_status":"open","template":"","meta":[],"product_cat":[126,127],"product_tag":[],"class_list":{"0":"post-13461","1":"product","2":"type-product","3":"status-publish","4":"has-post-thumbnail","6":"product_cat-consumibles","7":"product_cat-toners","9":"first","10":"instock","11":"product-type-simple"},"_links":{"self":[{"href":"https:\/\/bcmimprovement.com\/site1\/wp-json\/wp\/v2\/product\/13461","targetHints":{"allow":["GET"]}}],"collection":[{"href":"https:\/\/bcmimprovement.com\/site1\/wp-json\/wp\/v2\/product"}],"about":[{"href":"https:\/\/bcmimprovement.com\/site1\/wp-json\/wp\/v2\/types\/product"}],"replies":[{"embeddable":true,"href":"https:\/\/bcmimprovement.com\/site1\/wp-json\/wp\/v2\/comments?post=13461"}],"wp:featuredmedia":[{"embeddable":true,"href":"https:\/\/bcmimprovement.com\/site1\/wp-json\/wp\/v2\/media\/13462"}],"wp:attachment":[{"href":"https:\/\/bcmimprovement.com\/site1\/wp-json\/wp\/v2\/media?parent=13461"}],"wp:term":[{"taxonomy":"product_cat","embeddable":true,"href":"https:\/\/bcmimprovement.com\/site1\/wp-json\/wp\/v2\/product_cat?post=13461"},{"taxonomy":"product_tag","embeddable":true,"href":"https:\/\/bcmimprovement.com\/site1\/wp-json\/wp\/v2\/product_tag?post=13461"}],"curies":[{"name":"wp","href":"https:\/\/api.w.org\/{rel}","templated":true}]}}