{"id":13467,"date":"2024-10-07T19:51:27","date_gmt":"2024-10-07T19:51:27","guid":{"rendered":"https:\/\/bcmimprovement.com\/site1\/producto\/toner-canon-gpr-19\/"},"modified":"2024-10-07T19:51:28","modified_gmt":"2024-10-07T19:51:28","slug":"toner-canon-gpr-19","status":"publish","type":"product","link":"https:\/\/bcmimprovement.com\/site1\/producto\/toner-canon-gpr-19\/","title":{"rendered":"T\u00f3ner CANON GPR-19"},"content":{"rendered":"<p>Cartucho t\u00f3ner CANON GPR-19 &#8211; 47000 p\u00e1ginas, Negro<\/p>\n<p>Colores de impresi\u00f3n: Negro<br \/>\nProducci\u00f3n de papel: 47000 p\u00e1ginas<\/p>\n","protected":false},"excerpt":{"rendered":"<p><strong>Cartucho t\u00f3ner CANON GPR-19 &#8211; 47000 p\u00e1ginas, Negro<\/strong><\/p>\n","protected":false},"featured_media":13468,"comment_status":"closed","ping_status":"open","template":"","meta":[],"product_cat":[126,127],"product_tag":[],"class_list":{"0":"post-13467","1":"product","2":"type-product","3":"status-publish","4":"has-post-thumbnail","6":"product_cat-consumibles","7":"product_cat-toners","9":"first","10":"instock","11":"product-type-simple"},"_links":{"self":[{"href":"https:\/\/bcmimprovement.com\/site1\/wp-json\/wp\/v2\/product\/13467","targetHints":{"allow":["GET"]}}],"collection":[{"href":"https:\/\/bcmimprovement.com\/site1\/wp-json\/wp\/v2\/product"}],"about":[{"href":"https:\/\/bcmimprovement.com\/site1\/wp-json\/wp\/v2\/types\/product"}],"replies":[{"embeddable":true,"href":"https:\/\/bcmimprovement.com\/site1\/wp-json\/wp\/v2\/comments?post=13467"}],"wp:featuredmedia":[{"embeddable":true,"href":"https:\/\/bcmimprovement.com\/site1\/wp-json\/wp\/v2\/media\/13468"}],"wp:attachment":[{"href":"https:\/\/bcmimprovement.com\/site1\/wp-json\/wp\/v2\/media?parent=13467"}],"wp:term":[{"taxonomy":"product_cat","embeddable":true,"href":"https:\/\/bcmimprovement.com\/site1\/wp-json\/wp\/v2\/product_cat?post=13467"},{"taxonomy":"product_tag","embeddable":true,"href":"https:\/\/bcmimprovement.com\/site1\/wp-json\/wp\/v2\/product_tag?post=13467"}],"curies":[{"name":"wp","href":"https:\/\/api.w.org\/{rel}","templated":true}]}}