{"id":13783,"date":"2024-10-07T20:04:13","date_gmt":"2024-10-07T20:04:13","guid":{"rendered":"https:\/\/bcmimprovement.com\/site1\/producto\/tinta-hp-70-5\/"},"modified":"2024-10-07T20:04:14","modified_gmt":"2024-10-07T20:04:14","slug":"tinta-hp-70-5","status":"publish","type":"product","link":"https:\/\/bcmimprovement.com\/site1\/producto\/tinta-hp-70-5\/","title":{"rendered":"tinta HP 70"},"content":{"rendered":"<p>Tinta HP 70 &#8211; C9458A, Azul 130ml<\/p>\n<p>UPC: 882780528758<\/p>\n<p>Colores de impresi\u00f3n: Azul<br \/>\nTecnolog\u00eda de impresi\u00f3n: Inyecci\u00f3n de tinta<\/p>\n","protected":false},"excerpt":{"rendered":"<p><strong>Tinta HP 70 &#8211; C9458A, Azul 130ml<\/strong><\/p>\n","protected":false},"featured_media":13784,"comment_status":"closed","ping_status":"open","template":"","meta":[],"product_cat":[126,131],"product_tag":[],"class_list":{"0":"post-13783","1":"product","2":"type-product","3":"status-publish","4":"has-post-thumbnail","6":"product_cat-consumibles","7":"product_cat-tinta","9":"first","10":"instock","11":"product-type-simple"},"_links":{"self":[{"href":"https:\/\/bcmimprovement.com\/site1\/wp-json\/wp\/v2\/product\/13783","targetHints":{"allow":["GET"]}}],"collection":[{"href":"https:\/\/bcmimprovement.com\/site1\/wp-json\/wp\/v2\/product"}],"about":[{"href":"https:\/\/bcmimprovement.com\/site1\/wp-json\/wp\/v2\/types\/product"}],"replies":[{"embeddable":true,"href":"https:\/\/bcmimprovement.com\/site1\/wp-json\/wp\/v2\/comments?post=13783"}],"wp:featuredmedia":[{"embeddable":true,"href":"https:\/\/bcmimprovement.com\/site1\/wp-json\/wp\/v2\/media\/13784"}],"wp:attachment":[{"href":"https:\/\/bcmimprovement.com\/site1\/wp-json\/wp\/v2\/media?parent=13783"}],"wp:term":[{"taxonomy":"product_cat","embeddable":true,"href":"https:\/\/bcmimprovement.com\/site1\/wp-json\/wp\/v2\/product_cat?post=13783"},{"taxonomy":"product_tag","embeddable":true,"href":"https:\/\/bcmimprovement.com\/site1\/wp-json\/wp\/v2\/product_tag?post=13783"}],"curies":[{"name":"wp","href":"https:\/\/api.w.org\/{rel}","templated":true}]}}