{"id":13799,"date":"2024-10-07T20:05:52","date_gmt":"2024-10-07T20:05:52","guid":{"rendered":"https:\/\/bcmimprovement.com\/site1\/producto\/tinta-hp-70-6\/"},"modified":"2024-10-07T20:05:53","modified_gmt":"2024-10-07T20:05:53","slug":"tinta-hp-70-6","status":"publish","type":"product","link":"https:\/\/bcmimprovement.com\/site1\/producto\/tinta-hp-70-6\/","title":{"rendered":"Tinta HP 70"},"content":{"rendered":"<p>Tinta HP 70 &#8211; C9390A, Cian Claro 130ml<\/p>\n<p>UPC: 882780528772<\/p>\n<p>Tecnolog\u00eda de impresi\u00f3n: Inyecci\u00f3n de tinta<br \/>\nColores de impresi\u00f3n: Cian claro<\/p>\n","protected":false},"excerpt":{"rendered":"<p><strong>Tinta HP 70 &#8211; C9390A, Cian Claro 130ml<\/strong><\/p>\n","protected":false},"featured_media":13800,"comment_status":"closed","ping_status":"open","template":"","meta":[],"product_cat":[126,131],"product_tag":[],"class_list":{"0":"post-13799","1":"product","2":"type-product","3":"status-publish","4":"has-post-thumbnail","6":"product_cat-consumibles","7":"product_cat-tinta","9":"first","10":"instock","11":"product-type-simple"},"_links":{"self":[{"href":"https:\/\/bcmimprovement.com\/site1\/wp-json\/wp\/v2\/product\/13799","targetHints":{"allow":["GET"]}}],"collection":[{"href":"https:\/\/bcmimprovement.com\/site1\/wp-json\/wp\/v2\/product"}],"about":[{"href":"https:\/\/bcmimprovement.com\/site1\/wp-json\/wp\/v2\/types\/product"}],"replies":[{"embeddable":true,"href":"https:\/\/bcmimprovement.com\/site1\/wp-json\/wp\/v2\/comments?post=13799"}],"wp:featuredmedia":[{"embeddable":true,"href":"https:\/\/bcmimprovement.com\/site1\/wp-json\/wp\/v2\/media\/13800"}],"wp:attachment":[{"href":"https:\/\/bcmimprovement.com\/site1\/wp-json\/wp\/v2\/media?parent=13799"}],"wp:term":[{"taxonomy":"product_cat","embeddable":true,"href":"https:\/\/bcmimprovement.com\/site1\/wp-json\/wp\/v2\/product_cat?post=13799"},{"taxonomy":"product_tag","embeddable":true,"href":"https:\/\/bcmimprovement.com\/site1\/wp-json\/wp\/v2\/product_tag?post=13799"}],"curies":[{"name":"wp","href":"https:\/\/api.w.org\/{rel}","templated":true}]}}