{"id":13827,"date":"2024-10-07T20:07:12","date_gmt":"2024-10-07T20:07:12","guid":{"rendered":"https:\/\/bcmimprovement.com\/site1\/producto\/tinta-hp-711-4\/"},"modified":"2024-10-07T20:07:13","modified_gmt":"2024-10-07T20:07:13","slug":"tinta-hp-711-4","status":"publish","type":"product","link":"https:\/\/bcmimprovement.com\/site1\/producto\/tinta-hp-711-4\/","title":{"rendered":"Tinta HP 711"},"content":{"rendered":"<p>Tinta HP 711 &#8211; CZ132A, Amarillo 29ml<\/p>\n<p>UPC: 886112841157<\/p>\n<p>Colores de impresi\u00f3n: Amarillo<br \/>\nTecnolog\u00eda de impresi\u00f3n: Inyecci\u00f3n de tinta<br \/>\nTipo de embalaje: Caja<\/p>\n","protected":false},"excerpt":{"rendered":"<p><strong>Tinta HP 711 &#8211; CZ132A, Amarillo 29ml<\/strong><\/p>\n","protected":false},"featured_media":13828,"comment_status":"closed","ping_status":"open","template":"","meta":[],"product_cat":[126,131],"product_tag":[],"class_list":{"0":"post-13827","1":"product","2":"type-product","3":"status-publish","4":"has-post-thumbnail","6":"product_cat-consumibles","7":"product_cat-tinta","9":"first","10":"instock","11":"product-type-simple"},"_links":{"self":[{"href":"https:\/\/bcmimprovement.com\/site1\/wp-json\/wp\/v2\/product\/13827","targetHints":{"allow":["GET"]}}],"collection":[{"href":"https:\/\/bcmimprovement.com\/site1\/wp-json\/wp\/v2\/product"}],"about":[{"href":"https:\/\/bcmimprovement.com\/site1\/wp-json\/wp\/v2\/types\/product"}],"replies":[{"embeddable":true,"href":"https:\/\/bcmimprovement.com\/site1\/wp-json\/wp\/v2\/comments?post=13827"}],"wp:featuredmedia":[{"embeddable":true,"href":"https:\/\/bcmimprovement.com\/site1\/wp-json\/wp\/v2\/media\/13828"}],"wp:attachment":[{"href":"https:\/\/bcmimprovement.com\/site1\/wp-json\/wp\/v2\/media?parent=13827"}],"wp:term":[{"taxonomy":"product_cat","embeddable":true,"href":"https:\/\/bcmimprovement.com\/site1\/wp-json\/wp\/v2\/product_cat?post=13827"},{"taxonomy":"product_tag","embeddable":true,"href":"https:\/\/bcmimprovement.com\/site1\/wp-json\/wp\/v2\/product_tag?post=13827"}],"curies":[{"name":"wp","href":"https:\/\/api.w.org\/{rel}","templated":true}]}}