{"id":14043,"date":"2024-10-08T18:17:59","date_gmt":"2024-10-08T18:17:59","guid":{"rendered":"https:\/\/bcmimprovement.com\/site1\/producto\/toner-lexmark-e250a11l\/"},"modified":"2024-10-08T18:17:59","modified_gmt":"2024-10-08T18:17:59","slug":"toner-lexmark-e250a11l","status":"publish","type":"product","link":"https:\/\/bcmimprovement.com\/site1\/producto\/toner-lexmark-e250a11l\/","title":{"rendered":"T\u00f3ner LEXMARK E250A11L"},"content":{"rendered":"<p>Cartucho t\u00f3ner LEXMARK &#8211; 3500 p\u00e1ginas, Laser<\/p>\n<p>UPC: 734646258029<\/p>\n<p>Tecnolog\u00eda de impresi\u00f3n: Laser<br \/>\nProducci\u00f3n de papel: 3500 p\u00e1ginas<\/p>\n","protected":false},"excerpt":{"rendered":"<p><strong>Cartucho t\u00f3ner LEXMARK &#8211; 3500 p\u00e1ginas, Laser<\/strong><\/p>\n","protected":false},"featured_media":14044,"comment_status":"closed","ping_status":"open","template":"","meta":[],"product_cat":[126,127],"product_tag":[],"class_list":{"0":"post-14043","1":"product","2":"type-product","3":"status-publish","4":"has-post-thumbnail","6":"product_cat-consumibles","7":"product_cat-toners","9":"first","10":"instock","11":"product-type-simple"},"_links":{"self":[{"href":"https:\/\/bcmimprovement.com\/site1\/wp-json\/wp\/v2\/product\/14043","targetHints":{"allow":["GET"]}}],"collection":[{"href":"https:\/\/bcmimprovement.com\/site1\/wp-json\/wp\/v2\/product"}],"about":[{"href":"https:\/\/bcmimprovement.com\/site1\/wp-json\/wp\/v2\/types\/product"}],"replies":[{"embeddable":true,"href":"https:\/\/bcmimprovement.com\/site1\/wp-json\/wp\/v2\/comments?post=14043"}],"wp:featuredmedia":[{"embeddable":true,"href":"https:\/\/bcmimprovement.com\/site1\/wp-json\/wp\/v2\/media\/14044"}],"wp:attachment":[{"href":"https:\/\/bcmimprovement.com\/site1\/wp-json\/wp\/v2\/media?parent=14043"}],"wp:term":[{"taxonomy":"product_cat","embeddable":true,"href":"https:\/\/bcmimprovement.com\/site1\/wp-json\/wp\/v2\/product_cat?post=14043"},{"taxonomy":"product_tag","embeddable":true,"href":"https:\/\/bcmimprovement.com\/site1\/wp-json\/wp\/v2\/product_tag?post=14043"}],"curies":[{"name":"wp","href":"https:\/\/api.w.org\/{rel}","templated":true}]}}