{"id":14063,"date":"2024-10-08T18:18:46","date_gmt":"2024-10-08T18:18:46","guid":{"rendered":"https:\/\/bcmimprovement.com\/site1\/producto\/toner-lexmark-c544x1yg\/"},"modified":"2024-10-08T18:18:46","modified_gmt":"2024-10-08T18:18:46","slug":"toner-lexmark-c544x1yg","status":"publish","type":"product","link":"https:\/\/bcmimprovement.com\/site1\/producto\/toner-lexmark-c544x1yg\/","title":{"rendered":"T\u00f3ner LEXMARK C544X1YG"},"content":{"rendered":"<p>T\u00f3ner LEXMARK C544X1YG &#8211; 4000 p\u00e1ginas, Amarillo, Lexmark<\/p>\n<p>UPC: 734646083560<\/p>\n<p>Colores de impresi\u00f3n: Amarillo<br \/>\nCompatibilidad: Lexmark<br \/>\nProducci\u00f3n de papel: 4000 p\u00e1ginas<\/p>\n","protected":false},"excerpt":{"rendered":"<p><strong>T\u00f3ner LEXMARK C544X1YG &#8211; 4000 p\u00e1ginas, Amarillo, Lexmark<\/strong><\/p>\n","protected":false},"featured_media":14064,"comment_status":"closed","ping_status":"open","template":"","meta":[],"product_cat":[126,127],"product_tag":[],"class_list":{"0":"post-14063","1":"product","2":"type-product","3":"status-publish","4":"has-post-thumbnail","6":"product_cat-consumibles","7":"product_cat-toners","9":"first","10":"instock","11":"product-type-simple"},"_links":{"self":[{"href":"https:\/\/bcmimprovement.com\/site1\/wp-json\/wp\/v2\/product\/14063","targetHints":{"allow":["GET"]}}],"collection":[{"href":"https:\/\/bcmimprovement.com\/site1\/wp-json\/wp\/v2\/product"}],"about":[{"href":"https:\/\/bcmimprovement.com\/site1\/wp-json\/wp\/v2\/types\/product"}],"replies":[{"embeddable":true,"href":"https:\/\/bcmimprovement.com\/site1\/wp-json\/wp\/v2\/comments?post=14063"}],"wp:featuredmedia":[{"embeddable":true,"href":"https:\/\/bcmimprovement.com\/site1\/wp-json\/wp\/v2\/media\/14064"}],"wp:attachment":[{"href":"https:\/\/bcmimprovement.com\/site1\/wp-json\/wp\/v2\/media?parent=14063"}],"wp:term":[{"taxonomy":"product_cat","embeddable":true,"href":"https:\/\/bcmimprovement.com\/site1\/wp-json\/wp\/v2\/product_cat?post=14063"},{"taxonomy":"product_tag","embeddable":true,"href":"https:\/\/bcmimprovement.com\/site1\/wp-json\/wp\/v2\/product_tag?post=14063"}],"curies":[{"name":"wp","href":"https:\/\/api.w.org\/{rel}","templated":true}]}}