{"id":14101,"date":"2024-10-08T18:20:21","date_gmt":"2024-10-08T18:20:21","guid":{"rendered":"https:\/\/bcmimprovement.com\/site1\/producto\/toner-lexmark-t650a11l\/"},"modified":"2024-10-08T18:20:22","modified_gmt":"2024-10-08T18:20:22","slug":"toner-lexmark-t650a11l","status":"publish","type":"product","link":"https:\/\/bcmimprovement.com\/site1\/producto\/toner-lexmark-t650a11l\/","title":{"rendered":"T\u00f3ner LEXMARK T650A11L"},"content":{"rendered":"<p>Cartucho t\u00f3ner LEXMARK &#8211; 7000 p\u00e1ginas, Negro, Negro<\/p>\n<p>UPC: 734646064385<\/p>\n<p>Colores de impresi\u00f3n: Negro<br \/>\nColor del producto: Negro<br \/>\nProducci\u00f3n de papel: 7000 p\u00e1ginas<\/p>\n","protected":false},"excerpt":{"rendered":"<p><strong>Cartucho t\u00f3ner LEXMARK &#8211; 7000 p\u00e1ginas, Negro, Negro<\/strong><\/p>\n","protected":false},"featured_media":14102,"comment_status":"closed","ping_status":"open","template":"","meta":[],"product_cat":[126,127],"product_tag":[],"class_list":{"0":"post-14101","1":"product","2":"type-product","3":"status-publish","4":"has-post-thumbnail","6":"product_cat-consumibles","7":"product_cat-toners","9":"first","10":"instock","11":"product-type-simple"},"_links":{"self":[{"href":"https:\/\/bcmimprovement.com\/site1\/wp-json\/wp\/v2\/product\/14101","targetHints":{"allow":["GET"]}}],"collection":[{"href":"https:\/\/bcmimprovement.com\/site1\/wp-json\/wp\/v2\/product"}],"about":[{"href":"https:\/\/bcmimprovement.com\/site1\/wp-json\/wp\/v2\/types\/product"}],"replies":[{"embeddable":true,"href":"https:\/\/bcmimprovement.com\/site1\/wp-json\/wp\/v2\/comments?post=14101"}],"wp:featuredmedia":[{"embeddable":true,"href":"https:\/\/bcmimprovement.com\/site1\/wp-json\/wp\/v2\/media\/14102"}],"wp:attachment":[{"href":"https:\/\/bcmimprovement.com\/site1\/wp-json\/wp\/v2\/media?parent=14101"}],"wp:term":[{"taxonomy":"product_cat","embeddable":true,"href":"https:\/\/bcmimprovement.com\/site1\/wp-json\/wp\/v2\/product_cat?post=14101"},{"taxonomy":"product_tag","embeddable":true,"href":"https:\/\/bcmimprovement.com\/site1\/wp-json\/wp\/v2\/product_tag?post=14101"}],"curies":[{"name":"wp","href":"https:\/\/api.w.org\/{rel}","templated":true}]}}