{"id":14115,"date":"2024-10-08T18:20:57","date_gmt":"2024-10-08T18:20:57","guid":{"rendered":"https:\/\/bcmimprovement.com\/site1\/producto\/toner-lexmark-20k1401\/"},"modified":"2024-10-08T18:20:57","modified_gmt":"2024-10-08T18:20:57","slug":"toner-lexmark-20k1401","status":"publish","type":"product","link":"https:\/\/bcmimprovement.com\/site1\/producto\/toner-lexmark-20k1401\/","title":{"rendered":"T\u00f3ner LEXMARK 20K1401"},"content":{"rendered":"<p>Cartucho t\u00f3ner LEXMARK &#8211; 6600 p\u00e1ginas, Magenta, Laser, Color blanco<\/p>\n<p>Color del producto: Color blanco<br \/>\nTecnolog\u00eda de impresi\u00f3n: Laser<br \/>\nColores de impresi\u00f3n: Magenta<br \/>\nProducci\u00f3n de papel: 6600 p\u00e1ginas<\/p>\n","protected":false},"excerpt":{"rendered":"<p><strong>Cartucho t\u00f3ner LEXMARK &#8211; 6600 p\u00e1ginas, Magenta, Laser, Color blanco<\/strong><\/p>\n","protected":false},"featured_media":14116,"comment_status":"closed","ping_status":"open","template":"","meta":[],"product_cat":[126,127],"product_tag":[],"class_list":{"0":"post-14115","1":"product","2":"type-product","3":"status-publish","4":"has-post-thumbnail","6":"product_cat-consumibles","7":"product_cat-toners","9":"first","10":"instock","11":"product-type-simple"},"_links":{"self":[{"href":"https:\/\/bcmimprovement.com\/site1\/wp-json\/wp\/v2\/product\/14115","targetHints":{"allow":["GET"]}}],"collection":[{"href":"https:\/\/bcmimprovement.com\/site1\/wp-json\/wp\/v2\/product"}],"about":[{"href":"https:\/\/bcmimprovement.com\/site1\/wp-json\/wp\/v2\/types\/product"}],"replies":[{"embeddable":true,"href":"https:\/\/bcmimprovement.com\/site1\/wp-json\/wp\/v2\/comments?post=14115"}],"wp:featuredmedia":[{"embeddable":true,"href":"https:\/\/bcmimprovement.com\/site1\/wp-json\/wp\/v2\/media\/14116"}],"wp:attachment":[{"href":"https:\/\/bcmimprovement.com\/site1\/wp-json\/wp\/v2\/media?parent=14115"}],"wp:term":[{"taxonomy":"product_cat","embeddable":true,"href":"https:\/\/bcmimprovement.com\/site1\/wp-json\/wp\/v2\/product_cat?post=14115"},{"taxonomy":"product_tag","embeddable":true,"href":"https:\/\/bcmimprovement.com\/site1\/wp-json\/wp\/v2\/product_tag?post=14115"}],"curies":[{"name":"wp","href":"https:\/\/api.w.org\/{rel}","templated":true}]}}