{"id":14237,"date":"2024-10-09T15:35:54","date_gmt":"2024-10-09T15:35:54","guid":{"rendered":"https:\/\/bcmimprovement.com\/site1\/producto\/toner-lexmark-70c8xc0\/"},"modified":"2024-10-09T15:36:00","modified_gmt":"2024-10-09T15:36:00","slug":"toner-lexmark-70c8xc0","status":"publish","type":"product","link":"https:\/\/bcmimprovement.com\/site1\/producto\/toner-lexmark-70c8xc0\/","title":{"rendered":"T\u00f3ner LEXMARK 70C8XC0"},"content":{"rendered":"<p>Cartucho t\u00f3ner LEXMARK &#8211; 4000 p\u00e1ginas, Cian, Laser, Negro, Verde<\/p>\n<p>UPC: 734646436960<\/p>\n<p>Colores de impresi\u00f3n: Cian<br \/>\nTecnolog\u00eda de impresi\u00f3n: Laser<br \/>\nColor del producto: Negro, Verde<br \/>\nProducci\u00f3n de papel: 4000 p\u00e1ginas<\/p>\n","protected":false},"excerpt":{"rendered":"<p><strong>Cartucho t\u00f3ner LEXMARK &#8211; 4000 p\u00e1ginas, Cian, Laser, Negro, Verde<\/strong><\/p>\n","protected":false},"featured_media":14238,"comment_status":"closed","ping_status":"open","template":"","meta":[],"product_cat":[126,127],"product_tag":[],"class_list":{"0":"post-14237","1":"product","2":"type-product","3":"status-publish","4":"has-post-thumbnail","6":"product_cat-consumibles","7":"product_cat-toners","9":"first","10":"instock","11":"product-type-simple"},"_links":{"self":[{"href":"https:\/\/bcmimprovement.com\/site1\/wp-json\/wp\/v2\/product\/14237","targetHints":{"allow":["GET"]}}],"collection":[{"href":"https:\/\/bcmimprovement.com\/site1\/wp-json\/wp\/v2\/product"}],"about":[{"href":"https:\/\/bcmimprovement.com\/site1\/wp-json\/wp\/v2\/types\/product"}],"replies":[{"embeddable":true,"href":"https:\/\/bcmimprovement.com\/site1\/wp-json\/wp\/v2\/comments?post=14237"}],"wp:featuredmedia":[{"embeddable":true,"href":"https:\/\/bcmimprovement.com\/site1\/wp-json\/wp\/v2\/media\/14238"}],"wp:attachment":[{"href":"https:\/\/bcmimprovement.com\/site1\/wp-json\/wp\/v2\/media?parent=14237"}],"wp:term":[{"taxonomy":"product_cat","embeddable":true,"href":"https:\/\/bcmimprovement.com\/site1\/wp-json\/wp\/v2\/product_cat?post=14237"},{"taxonomy":"product_tag","embeddable":true,"href":"https:\/\/bcmimprovement.com\/site1\/wp-json\/wp\/v2\/product_tag?post=14237"}],"curies":[{"name":"wp","href":"https:\/\/api.w.org\/{rel}","templated":true}]}}