{"id":14287,"date":"2024-10-09T15:36:36","date_gmt":"2024-10-09T15:36:36","guid":{"rendered":"https:\/\/bcmimprovement.com\/site1\/producto\/toner-lexmark-x860h21g\/"},"modified":"2024-10-09T15:36:37","modified_gmt":"2024-10-09T15:36:37","slug":"toner-lexmark-x860h21g","status":"publish","type":"product","link":"https:\/\/bcmimprovement.com\/site1\/producto\/toner-lexmark-x860h21g\/","title":{"rendered":"T\u00f3ner LEXMARK X860H21G"},"content":{"rendered":"<p>Cartucho t\u00f3ner LEXMARK &#8211; 35000 p\u00e1ginas, Negro, Laser, Negro<\/p>\n<p>UPC: 734646317320<\/p>\n<p>Colores de impresi\u00f3n: Negro<br \/>\nColor del producto: Negro<br \/>\nTecnolog\u00eda de impresi\u00f3n: Laser<br \/>\nProducci\u00f3n de papel: 35000 p\u00e1ginas<\/p>\n","protected":false},"excerpt":{"rendered":"<p><strong>Cartucho t\u00f3ner LEXMARK &#8211; 35000 p\u00e1ginas, Negro, Laser, Negro<\/strong><\/p>\n","protected":false},"featured_media":14288,"comment_status":"closed","ping_status":"open","template":"","meta":[],"product_cat":[126,127],"product_tag":[],"class_list":{"0":"post-14287","1":"product","2":"type-product","3":"status-publish","4":"has-post-thumbnail","6":"product_cat-consumibles","7":"product_cat-toners","9":"first","10":"instock","11":"product-type-simple"},"_links":{"self":[{"href":"https:\/\/bcmimprovement.com\/site1\/wp-json\/wp\/v2\/product\/14287","targetHints":{"allow":["GET"]}}],"collection":[{"href":"https:\/\/bcmimprovement.com\/site1\/wp-json\/wp\/v2\/product"}],"about":[{"href":"https:\/\/bcmimprovement.com\/site1\/wp-json\/wp\/v2\/types\/product"}],"replies":[{"embeddable":true,"href":"https:\/\/bcmimprovement.com\/site1\/wp-json\/wp\/v2\/comments?post=14287"}],"wp:featuredmedia":[{"embeddable":true,"href":"https:\/\/bcmimprovement.com\/site1\/wp-json\/wp\/v2\/media\/14288"}],"wp:attachment":[{"href":"https:\/\/bcmimprovement.com\/site1\/wp-json\/wp\/v2\/media?parent=14287"}],"wp:term":[{"taxonomy":"product_cat","embeddable":true,"href":"https:\/\/bcmimprovement.com\/site1\/wp-json\/wp\/v2\/product_cat?post=14287"},{"taxonomy":"product_tag","embeddable":true,"href":"https:\/\/bcmimprovement.com\/site1\/wp-json\/wp\/v2\/product_tag?post=14287"}],"curies":[{"name":"wp","href":"https:\/\/api.w.org\/{rel}","templated":true}]}}