{"id":14289,"date":"2024-10-09T15:36:36","date_gmt":"2024-10-09T15:36:36","guid":{"rendered":"https:\/\/bcmimprovement.com\/site1\/producto\/toner-lexmark-x925h2mg\/"},"modified":"2024-10-09T15:36:38","modified_gmt":"2024-10-09T15:36:38","slug":"toner-lexmark-x925h2mg","status":"publish","type":"product","link":"https:\/\/bcmimprovement.com\/site1\/producto\/toner-lexmark-x925h2mg\/","title":{"rendered":"T\u00f3ner LEXMARK X925H2MG"},"content":{"rendered":"<p>Cartucho t\u00f3ner LEXMARK &#8211; 7500 p\u00e1ginas, magenta, Laser<\/p>\n<p>Tecnolog\u00eda de impresi\u00f3n: Laser<br \/>\nColores de impresi\u00f3n: Magenta<br \/>\nProducci\u00f3n de papel: 7500 p\u00e1ginas<\/p>\n","protected":false},"excerpt":{"rendered":"<p><strong>Cartucho t\u00f3ner LEXMARK &#8211; 7500 p\u00e1ginas, magenta, Laser<\/strong><\/p>\n","protected":false},"featured_media":14290,"comment_status":"closed","ping_status":"open","template":"","meta":[],"product_cat":[126,127],"product_tag":[],"class_list":{"0":"post-14289","1":"product","2":"type-product","3":"status-publish","4":"has-post-thumbnail","6":"product_cat-consumibles","7":"product_cat-toners","9":"first","10":"instock","11":"product-type-simple"},"_links":{"self":[{"href":"https:\/\/bcmimprovement.com\/site1\/wp-json\/wp\/v2\/product\/14289","targetHints":{"allow":["GET"]}}],"collection":[{"href":"https:\/\/bcmimprovement.com\/site1\/wp-json\/wp\/v2\/product"}],"about":[{"href":"https:\/\/bcmimprovement.com\/site1\/wp-json\/wp\/v2\/types\/product"}],"replies":[{"embeddable":true,"href":"https:\/\/bcmimprovement.com\/site1\/wp-json\/wp\/v2\/comments?post=14289"}],"wp:featuredmedia":[{"embeddable":true,"href":"https:\/\/bcmimprovement.com\/site1\/wp-json\/wp\/v2\/media\/14290"}],"wp:attachment":[{"href":"https:\/\/bcmimprovement.com\/site1\/wp-json\/wp\/v2\/media?parent=14289"}],"wp:term":[{"taxonomy":"product_cat","embeddable":true,"href":"https:\/\/bcmimprovement.com\/site1\/wp-json\/wp\/v2\/product_cat?post=14289"},{"taxonomy":"product_tag","embeddable":true,"href":"https:\/\/bcmimprovement.com\/site1\/wp-json\/wp\/v2\/product_tag?post=14289"}],"curies":[{"name":"wp","href":"https:\/\/api.w.org\/{rel}","templated":true}]}}