{"id":14379,"date":"2024-10-09T15:37:31","date_gmt":"2024-10-09T15:37:31","guid":{"rendered":"https:\/\/bcmimprovement.com\/site1\/producto\/tanque-de-tinta-canon-pfi-306-pc\/"},"modified":"2024-10-09T15:37:40","modified_gmt":"2024-10-09T15:37:40","slug":"tanque-de-tinta-canon-pfi-306-pc","status":"publish","type":"product","link":"https:\/\/bcmimprovement.com\/site1\/producto\/tanque-de-tinta-canon-pfi-306-pc\/","title":{"rendered":"Tanque de Tinta CANON PFI-306 PC"},"content":{"rendered":"<p>Tanque de tinta CANON PFI-306 PC &#8211; Fotos cian, Inyecci\u00f3n de tinta, Ampolla<\/p>\n<p>Tecnolog\u00eda de impresi\u00f3n: Inyecci\u00f3n de tinta<br \/>\nTipo de embalaje: Ampolla<br \/>\nColores de impresi\u00f3n: Fotos cian<\/p>\n","protected":false},"excerpt":{"rendered":"<p><strong>Tanque de tinta CANON PFI-306 PC &#8211; Fotos cian, Inyecci\u00f3n de tinta, Ampolla<\/strong><\/p>\n","protected":false},"featured_media":14380,"comment_status":"closed","ping_status":"open","template":"","meta":[],"product_cat":[126,131],"product_tag":[],"class_list":{"0":"post-14379","1":"product","2":"type-product","3":"status-publish","4":"has-post-thumbnail","6":"product_cat-consumibles","7":"product_cat-tinta","9":"first","10":"instock","11":"product-type-simple"},"_links":{"self":[{"href":"https:\/\/bcmimprovement.com\/site1\/wp-json\/wp\/v2\/product\/14379","targetHints":{"allow":["GET"]}}],"collection":[{"href":"https:\/\/bcmimprovement.com\/site1\/wp-json\/wp\/v2\/product"}],"about":[{"href":"https:\/\/bcmimprovement.com\/site1\/wp-json\/wp\/v2\/types\/product"}],"replies":[{"embeddable":true,"href":"https:\/\/bcmimprovement.com\/site1\/wp-json\/wp\/v2\/comments?post=14379"}],"wp:featuredmedia":[{"embeddable":true,"href":"https:\/\/bcmimprovement.com\/site1\/wp-json\/wp\/v2\/media\/14380"}],"wp:attachment":[{"href":"https:\/\/bcmimprovement.com\/site1\/wp-json\/wp\/v2\/media?parent=14379"}],"wp:term":[{"taxonomy":"product_cat","embeddable":true,"href":"https:\/\/bcmimprovement.com\/site1\/wp-json\/wp\/v2\/product_cat?post=14379"},{"taxonomy":"product_tag","embeddable":true,"href":"https:\/\/bcmimprovement.com\/site1\/wp-json\/wp\/v2\/product_tag?post=14379"}],"curies":[{"name":"wp","href":"https:\/\/api.w.org\/{rel}","templated":true}]}}