{"id":14383,"date":"2024-10-09T15:37:31","date_gmt":"2024-10-09T15:37:31","guid":{"rendered":"https:\/\/bcmimprovement.com\/site1\/producto\/tanque-de-tinta-canon-pfi-306-pgy\/"},"modified":"2024-10-09T15:37:42","modified_gmt":"2024-10-09T15:37:42","slug":"tanque-de-tinta-canon-pfi-306-pgy","status":"publish","type":"product","link":"https:\/\/bcmimprovement.com\/site1\/producto\/tanque-de-tinta-canon-pfi-306-pgy\/","title":{"rendered":"Tanque de Tinta CANON PFI-306 PGY"},"content":{"rendered":"<p>Tanque de tinta CANON PFI-306 PGY &#8211; Fotos gris, Inyecci\u00f3n de tinta, Ampolla<\/p>\n<p>Tecnolog\u00eda de impresi\u00f3n: Inyecci\u00f3n de tinta<br \/>\nTipo de embalaje: Ampolla<br \/>\nColores de impresi\u00f3n: Fotos gris<\/p>\n","protected":false},"excerpt":{"rendered":"<p><strong>Tanque de tinta CANON PFI-306 PGY &#8211; Fotos gris, Inyecci\u00f3n de tinta, Ampolla<\/strong><\/p>\n","protected":false},"featured_media":14384,"comment_status":"closed","ping_status":"open","template":"","meta":[],"product_cat":[126,131],"product_tag":[],"class_list":{"0":"post-14383","1":"product","2":"type-product","3":"status-publish","4":"has-post-thumbnail","6":"product_cat-consumibles","7":"product_cat-tinta","9":"first","10":"instock","11":"product-type-simple"},"_links":{"self":[{"href":"https:\/\/bcmimprovement.com\/site1\/wp-json\/wp\/v2\/product\/14383","targetHints":{"allow":["GET"]}}],"collection":[{"href":"https:\/\/bcmimprovement.com\/site1\/wp-json\/wp\/v2\/product"}],"about":[{"href":"https:\/\/bcmimprovement.com\/site1\/wp-json\/wp\/v2\/types\/product"}],"replies":[{"embeddable":true,"href":"https:\/\/bcmimprovement.com\/site1\/wp-json\/wp\/v2\/comments?post=14383"}],"wp:featuredmedia":[{"embeddable":true,"href":"https:\/\/bcmimprovement.com\/site1\/wp-json\/wp\/v2\/media\/14384"}],"wp:attachment":[{"href":"https:\/\/bcmimprovement.com\/site1\/wp-json\/wp\/v2\/media?parent=14383"}],"wp:term":[{"taxonomy":"product_cat","embeddable":true,"href":"https:\/\/bcmimprovement.com\/site1\/wp-json\/wp\/v2\/product_cat?post=14383"},{"taxonomy":"product_tag","embeddable":true,"href":"https:\/\/bcmimprovement.com\/site1\/wp-json\/wp\/v2\/product_tag?post=14383"}],"curies":[{"name":"wp","href":"https:\/\/api.w.org\/{rel}","templated":true}]}}