{"id":14475,"date":"2024-10-09T15:42:42","date_gmt":"2024-10-09T15:42:42","guid":{"rendered":"https:\/\/bcmimprovement.com\/site1\/producto\/toner-kyocera-0t2h50us\/"},"modified":"2024-10-09T15:42:44","modified_gmt":"2024-10-09T15:42:44","slug":"toner-kyocera-0t2h50us","status":"publish","type":"product","link":"https:\/\/bcmimprovement.com\/site1\/producto\/toner-kyocera-0t2h50us\/","title":{"rendered":"T\u00f3ner KYOCERA 0T2H50US"},"content":{"rendered":"<p>Cartucho t\u00f3ner KYOCERA 0T2H50US &#8211; 4000 p\u00e1ginas, Negro, Laser, Negro<\/p>\n<p>UPC: 632983011560<\/p>\n<p>Colores de impresi\u00f3n: Negro<br \/>\nColor del producto: Negro<br \/>\nTecnolog\u00eda de impresi\u00f3n: Laser<br \/>\nProducci\u00f3n de papel: 4000 p\u00e1ginas<\/p>\n","protected":false},"excerpt":{"rendered":"<p><strong>Cartucho t\u00f3ner KYOCERA 0T2H50US &#8211; 4000 p\u00e1ginas, Negro, Laser, Negro<\/strong><\/p>\n","protected":false},"featured_media":14476,"comment_status":"closed","ping_status":"open","template":"","meta":[],"product_cat":[126,127],"product_tag":[],"class_list":{"0":"post-14475","1":"product","2":"type-product","3":"status-publish","4":"has-post-thumbnail","6":"product_cat-consumibles","7":"product_cat-toners","9":"first","10":"instock","11":"product-type-simple"},"_links":{"self":[{"href":"https:\/\/bcmimprovement.com\/site1\/wp-json\/wp\/v2\/product\/14475","targetHints":{"allow":["GET"]}}],"collection":[{"href":"https:\/\/bcmimprovement.com\/site1\/wp-json\/wp\/v2\/product"}],"about":[{"href":"https:\/\/bcmimprovement.com\/site1\/wp-json\/wp\/v2\/types\/product"}],"replies":[{"embeddable":true,"href":"https:\/\/bcmimprovement.com\/site1\/wp-json\/wp\/v2\/comments?post=14475"}],"wp:featuredmedia":[{"embeddable":true,"href":"https:\/\/bcmimprovement.com\/site1\/wp-json\/wp\/v2\/media\/14476"}],"wp:attachment":[{"href":"https:\/\/bcmimprovement.com\/site1\/wp-json\/wp\/v2\/media?parent=14475"}],"wp:term":[{"taxonomy":"product_cat","embeddable":true,"href":"https:\/\/bcmimprovement.com\/site1\/wp-json\/wp\/v2\/product_cat?post=14475"},{"taxonomy":"product_tag","embeddable":true,"href":"https:\/\/bcmimprovement.com\/site1\/wp-json\/wp\/v2\/product_tag?post=14475"}],"curies":[{"name":"wp","href":"https:\/\/api.w.org\/{rel}","templated":true}]}}