{"id":14511,"date":"2024-10-09T15:43:16","date_gmt":"2024-10-09T15:43:16","guid":{"rendered":"https:\/\/bcmimprovement.com\/site1\/producto\/tinta-hp-727-5\/"},"modified":"2024-10-09T15:43:20","modified_gmt":"2024-10-09T15:43:20","slug":"tinta-hp-727-5","status":"publish","type":"product","link":"https:\/\/bcmimprovement.com\/site1\/producto\/tinta-hp-727-5\/","title":{"rendered":"Tinta HP 727"},"content":{"rendered":"<p>Tinta HP 727 &#8211; B3P24A, Gris 130ml<\/p>\n<p>UPC: 887111963796<\/p>\n<p>Colores de impresi\u00f3n: Gris<br \/>\nTecnolog\u00eda de impresi\u00f3n: Inyecci\u00f3n de tinta<br \/>\nMarca compatible: HP<\/p>\n","protected":false},"excerpt":{"rendered":"<p><strong>Tinta HP 727 &#8211; B3P24A, Gris 130ml<\/strong><\/p>\n","protected":false},"featured_media":14512,"comment_status":"closed","ping_status":"open","template":"","meta":[],"product_cat":[126,131],"product_tag":[],"class_list":{"0":"post-14511","1":"product","2":"type-product","3":"status-publish","4":"has-post-thumbnail","6":"product_cat-consumibles","7":"product_cat-tinta","9":"first","10":"instock","11":"product-type-simple"},"_links":{"self":[{"href":"https:\/\/bcmimprovement.com\/site1\/wp-json\/wp\/v2\/product\/14511","targetHints":{"allow":["GET"]}}],"collection":[{"href":"https:\/\/bcmimprovement.com\/site1\/wp-json\/wp\/v2\/product"}],"about":[{"href":"https:\/\/bcmimprovement.com\/site1\/wp-json\/wp\/v2\/types\/product"}],"replies":[{"embeddable":true,"href":"https:\/\/bcmimprovement.com\/site1\/wp-json\/wp\/v2\/comments?post=14511"}],"wp:featuredmedia":[{"embeddable":true,"href":"https:\/\/bcmimprovement.com\/site1\/wp-json\/wp\/v2\/media\/14512"}],"wp:attachment":[{"href":"https:\/\/bcmimprovement.com\/site1\/wp-json\/wp\/v2\/media?parent=14511"}],"wp:term":[{"taxonomy":"product_cat","embeddable":true,"href":"https:\/\/bcmimprovement.com\/site1\/wp-json\/wp\/v2\/product_cat?post=14511"},{"taxonomy":"product_tag","embeddable":true,"href":"https:\/\/bcmimprovement.com\/site1\/wp-json\/wp\/v2\/product_tag?post=14511"}],"curies":[{"name":"wp","href":"https:\/\/api.w.org\/{rel}","templated":true}]}}