{"id":14889,"date":"2024-10-09T15:49:32","date_gmt":"2024-10-09T15:49:32","guid":{"rendered":"https:\/\/bcmimprovement.com\/site1\/producto\/toner-kyocera-02kh0us0\/"},"modified":"2024-10-09T15:49:37","modified_gmt":"2024-10-09T15:49:37","slug":"toner-kyocera-02kh0us0","status":"publish","type":"product","link":"https:\/\/bcmimprovement.com\/site1\/producto\/toner-kyocera-02kh0us0\/","title":{"rendered":"T\u00f3ner KYOCERA 02KH0US0"},"content":{"rendered":"<p>Cartucho t\u00f3ner KYOCERA &#8211; 15000 p\u00e1ginas, Negro, TASKalfa 180\/220\/221<\/p>\n<p>UPC: 632983015438<\/p>\n<p>Colores de impresi\u00f3n: Negro<br \/>\nProducci\u00f3n de papel: 15000 p\u00e1ginas<br \/>\nCompatibilidad: TASKalfa 180\/220\/221<\/p>\n","protected":false},"excerpt":{"rendered":"<p><strong>Cartucho t\u00f3ner KYOCERA &#8211; 15000 p\u00e1ginas, Negro, TASKalfa 180\/220\/221<\/strong><\/p>\n","protected":false},"featured_media":14890,"comment_status":"closed","ping_status":"open","template":"","meta":[],"product_cat":[126,127],"product_tag":[],"class_list":{"0":"post-14889","1":"product","2":"type-product","3":"status-publish","4":"has-post-thumbnail","6":"product_cat-consumibles","7":"product_cat-toners","9":"first","10":"instock","11":"product-type-simple"},"_links":{"self":[{"href":"https:\/\/bcmimprovement.com\/site1\/wp-json\/wp\/v2\/product\/14889","targetHints":{"allow":["GET"]}}],"collection":[{"href":"https:\/\/bcmimprovement.com\/site1\/wp-json\/wp\/v2\/product"}],"about":[{"href":"https:\/\/bcmimprovement.com\/site1\/wp-json\/wp\/v2\/types\/product"}],"replies":[{"embeddable":true,"href":"https:\/\/bcmimprovement.com\/site1\/wp-json\/wp\/v2\/comments?post=14889"}],"wp:featuredmedia":[{"embeddable":true,"href":"https:\/\/bcmimprovement.com\/site1\/wp-json\/wp\/v2\/media\/14890"}],"wp:attachment":[{"href":"https:\/\/bcmimprovement.com\/site1\/wp-json\/wp\/v2\/media?parent=14889"}],"wp:term":[{"taxonomy":"product_cat","embeddable":true,"href":"https:\/\/bcmimprovement.com\/site1\/wp-json\/wp\/v2\/product_cat?post=14889"},{"taxonomy":"product_tag","embeddable":true,"href":"https:\/\/bcmimprovement.com\/site1\/wp-json\/wp\/v2\/product_tag?post=14889"}],"curies":[{"name":"wp","href":"https:\/\/api.w.org\/{rel}","templated":true}]}}