{"id":14965,"date":"2024-10-09T15:50:56","date_gmt":"2024-10-09T15:50:56","guid":{"rendered":"https:\/\/bcmimprovement.com\/site1\/producto\/toner-lexmark-x748h1yg\/"},"modified":"2024-10-09T15:50:58","modified_gmt":"2024-10-09T15:50:58","slug":"toner-lexmark-x748h1yg","status":"publish","type":"product","link":"https:\/\/bcmimprovement.com\/site1\/producto\/toner-lexmark-x748h1yg\/","title":{"rendered":"T\u00f3ner LEXMARK X748H1YG"},"content":{"rendered":"<p>Cartucho t\u00f3ner LEXMARK &#8211; 10000 p\u00e1ginas, Amarillo, Laser, Negro<\/p>\n<p>UPC: 734646346771<\/p>\n<p>Color del producto: Negro<br \/>\nColores de impresi\u00f3n: Amarillo<br \/>\nTecnolog\u00eda de impresi\u00f3n: Laser<br \/>\nProducci\u00f3n de papel: 10000 p\u00e1ginas<\/p>\n","protected":false},"excerpt":{"rendered":"<p><strong>Cartucho t\u00f3ner LEXMARK &#8211; 10000 p\u00e1ginas, Amarillo, Laser, Negro<\/strong><\/p>\n","protected":false},"featured_media":14966,"comment_status":"closed","ping_status":"open","template":"","meta":[],"product_cat":[126,127],"product_tag":[],"class_list":{"0":"post-14965","1":"product","2":"type-product","3":"status-publish","4":"has-post-thumbnail","6":"product_cat-consumibles","7":"product_cat-toners","9":"first","10":"instock","11":"product-type-simple"},"_links":{"self":[{"href":"https:\/\/bcmimprovement.com\/site1\/wp-json\/wp\/v2\/product\/14965","targetHints":{"allow":["GET"]}}],"collection":[{"href":"https:\/\/bcmimprovement.com\/site1\/wp-json\/wp\/v2\/product"}],"about":[{"href":"https:\/\/bcmimprovement.com\/site1\/wp-json\/wp\/v2\/types\/product"}],"replies":[{"embeddable":true,"href":"https:\/\/bcmimprovement.com\/site1\/wp-json\/wp\/v2\/comments?post=14965"}],"wp:featuredmedia":[{"embeddable":true,"href":"https:\/\/bcmimprovement.com\/site1\/wp-json\/wp\/v2\/media\/14966"}],"wp:attachment":[{"href":"https:\/\/bcmimprovement.com\/site1\/wp-json\/wp\/v2\/media?parent=14965"}],"wp:term":[{"taxonomy":"product_cat","embeddable":true,"href":"https:\/\/bcmimprovement.com\/site1\/wp-json\/wp\/v2\/product_cat?post=14965"},{"taxonomy":"product_tag","embeddable":true,"href":"https:\/\/bcmimprovement.com\/site1\/wp-json\/wp\/v2\/product_tag?post=14965"}],"curies":[{"name":"wp","href":"https:\/\/api.w.org\/{rel}","templated":true}]}}