{"id":14977,"date":"2024-10-09T15:51:04","date_gmt":"2024-10-09T15:51:04","guid":{"rendered":"https:\/\/bcmimprovement.com\/site1\/producto\/cabezal-hp-727\/"},"modified":"2024-10-09T15:51:07","modified_gmt":"2024-10-09T15:51:07","slug":"cabezal-hp-727","status":"publish","type":"product","link":"https:\/\/bcmimprovement.com\/site1\/producto\/cabezal-hp-727\/","title":{"rendered":"Cabezal HP 727"},"content":{"rendered":"<p>Cabezal HP 727 &#8211; B3P06A, Negro Mate &#8211; Negro Fotogr\u00e1fico &#8211; Cian &#8211; Magenta &#8211; Amarillo &#8211; Gris<\/p>\n<p>Tecnolog\u00eda de impresi\u00f3n: Inyecci\u00f3n de tinta<br \/>\nGota de tinta: 9 pl \/ 6 pl<br \/>\nPeso del paquete: 600 g<br \/>\nColores de impresi\u00f3n: Cian,Gris,Magenta,Negro<\/p>\n","protected":false},"excerpt":{"rendered":"<p><strong>Cabezal HP 727 &#8211; B3P06A, Negro Mate &#8211; Negro Fotogr\u00e1fico &#8211; Cian &#8211; Magenta &#8211; Amarillo &#8211; Gris<\/strong><\/p>\n","protected":false},"featured_media":14978,"comment_status":"closed","ping_status":"open","template":"","meta":[],"product_cat":[132,126],"product_tag":[],"class_list":{"0":"post-14977","1":"product","2":"type-product","3":"status-publish","4":"has-post-thumbnail","6":"product_cat-cabezales","7":"product_cat-consumibles","9":"first","10":"instock","11":"product-type-simple"},"_links":{"self":[{"href":"https:\/\/bcmimprovement.com\/site1\/wp-json\/wp\/v2\/product\/14977","targetHints":{"allow":["GET"]}}],"collection":[{"href":"https:\/\/bcmimprovement.com\/site1\/wp-json\/wp\/v2\/product"}],"about":[{"href":"https:\/\/bcmimprovement.com\/site1\/wp-json\/wp\/v2\/types\/product"}],"replies":[{"embeddable":true,"href":"https:\/\/bcmimprovement.com\/site1\/wp-json\/wp\/v2\/comments?post=14977"}],"wp:featuredmedia":[{"embeddable":true,"href":"https:\/\/bcmimprovement.com\/site1\/wp-json\/wp\/v2\/media\/14978"}],"wp:attachment":[{"href":"https:\/\/bcmimprovement.com\/site1\/wp-json\/wp\/v2\/media?parent=14977"}],"wp:term":[{"taxonomy":"product_cat","embeddable":true,"href":"https:\/\/bcmimprovement.com\/site1\/wp-json\/wp\/v2\/product_cat?post=14977"},{"taxonomy":"product_tag","embeddable":true,"href":"https:\/\/bcmimprovement.com\/site1\/wp-json\/wp\/v2\/product_tag?post=14977"}],"curies":[{"name":"wp","href":"https:\/\/api.w.org\/{rel}","templated":true}]}}