{"id":14981,"date":"2024-10-09T15:51:04","date_gmt":"2024-10-09T15:51:04","guid":{"rendered":"https:\/\/bcmimprovement.com\/site1\/producto\/cabezal-datamax-phd20-2278-01\/"},"modified":"2024-10-09T15:51:09","modified_gmt":"2024-10-09T15:51:09","slug":"cabezal-datamax-phd20-2278-01","status":"publish","type":"product","link":"https:\/\/bcmimprovement.com\/site1\/producto\/cabezal-datamax-phd20-2278-01\/","title":{"rendered":"Cabezal DATAMAX PHD20-2278-01"},"content":{"rendered":"<p>Cabezal DATAMAX PHD20-2278-01 &#8211; T\u00e9rmica directa, Negro<\/p>\n<p>Colores de impresi\u00f3n: Negro<br \/>\nTecnolog\u00eda de impresi\u00f3n: T\u00e9rmica directa<\/p>\n","protected":false},"excerpt":{"rendered":"<p><strong>Cabezal DATAMAX PHD20-2278-01 &#8211; T\u00e9rmica directa, Negro<\/strong><\/p>\n","protected":false},"featured_media":14982,"comment_status":"closed","ping_status":"open","template":"","meta":[],"product_cat":[132,126],"product_tag":[],"class_list":{"0":"post-14981","1":"product","2":"type-product","3":"status-publish","4":"has-post-thumbnail","6":"product_cat-cabezales","7":"product_cat-consumibles","9":"first","10":"instock","11":"product-type-simple"},"_links":{"self":[{"href":"https:\/\/bcmimprovement.com\/site1\/wp-json\/wp\/v2\/product\/14981","targetHints":{"allow":["GET"]}}],"collection":[{"href":"https:\/\/bcmimprovement.com\/site1\/wp-json\/wp\/v2\/product"}],"about":[{"href":"https:\/\/bcmimprovement.com\/site1\/wp-json\/wp\/v2\/types\/product"}],"replies":[{"embeddable":true,"href":"https:\/\/bcmimprovement.com\/site1\/wp-json\/wp\/v2\/comments?post=14981"}],"wp:featuredmedia":[{"embeddable":true,"href":"https:\/\/bcmimprovement.com\/site1\/wp-json\/wp\/v2\/media\/14982"}],"wp:attachment":[{"href":"https:\/\/bcmimprovement.com\/site1\/wp-json\/wp\/v2\/media?parent=14981"}],"wp:term":[{"taxonomy":"product_cat","embeddable":true,"href":"https:\/\/bcmimprovement.com\/site1\/wp-json\/wp\/v2\/product_cat?post=14981"},{"taxonomy":"product_tag","embeddable":true,"href":"https:\/\/bcmimprovement.com\/site1\/wp-json\/wp\/v2\/product_tag?post=14981"}],"curies":[{"name":"wp","href":"https:\/\/api.w.org\/{rel}","templated":true}]}}