{"id":15045,"date":"2024-10-09T15:52:03","date_gmt":"2024-10-09T15:52:03","guid":{"rendered":"https:\/\/bcmimprovement.com\/site1\/producto\/toner-kyocera-1t02r9cus1\/"},"modified":"2024-10-09T15:52:04","modified_gmt":"2024-10-09T15:52:04","slug":"toner-kyocera-1t02r9cus1","status":"publish","type":"product","link":"https:\/\/bcmimprovement.com\/site1\/producto\/toner-kyocera-1t02r9cus1\/","title":{"rendered":"T\u00f3ner KYOCERA 1T02R9CUS1"},"content":{"rendered":"<p>T\u00f3ner KYOCERA 1T02R9CUS1 &#8211; 1200 p\u00e1ginas, Cian<\/p>\n<p>UPC: 632983037560<\/p>\n<p>Colores de impresi\u00f3n: Cian<br \/>\nProducci\u00f3n de papel: 1200 p\u00e1ginas<\/p>\n","protected":false},"excerpt":{"rendered":"<p><strong>T\u00f3ner KYOCERA 1T02R9CUS1 &#8211; 1200 p\u00e1ginas, Cian<\/strong><\/p>\n","protected":false},"featured_media":15046,"comment_status":"closed","ping_status":"open","template":"","meta":[],"product_cat":[126,127],"product_tag":[],"class_list":{"0":"post-15045","1":"product","2":"type-product","3":"status-publish","4":"has-post-thumbnail","6":"product_cat-consumibles","7":"product_cat-toners","9":"first","10":"instock","11":"product-type-simple"},"_links":{"self":[{"href":"https:\/\/bcmimprovement.com\/site1\/wp-json\/wp\/v2\/product\/15045","targetHints":{"allow":["GET"]}}],"collection":[{"href":"https:\/\/bcmimprovement.com\/site1\/wp-json\/wp\/v2\/product"}],"about":[{"href":"https:\/\/bcmimprovement.com\/site1\/wp-json\/wp\/v2\/types\/product"}],"replies":[{"embeddable":true,"href":"https:\/\/bcmimprovement.com\/site1\/wp-json\/wp\/v2\/comments?post=15045"}],"wp:featuredmedia":[{"embeddable":true,"href":"https:\/\/bcmimprovement.com\/site1\/wp-json\/wp\/v2\/media\/15046"}],"wp:attachment":[{"href":"https:\/\/bcmimprovement.com\/site1\/wp-json\/wp\/v2\/media?parent=15045"}],"wp:term":[{"taxonomy":"product_cat","embeddable":true,"href":"https:\/\/bcmimprovement.com\/site1\/wp-json\/wp\/v2\/product_cat?post=15045"},{"taxonomy":"product_tag","embeddable":true,"href":"https:\/\/bcmimprovement.com\/site1\/wp-json\/wp\/v2\/product_tag?post=15045"}],"curies":[{"name":"wp","href":"https:\/\/api.w.org\/{rel}","templated":true}]}}