{"id":15053,"date":"2024-10-09T15:52:11","date_gmt":"2024-10-09T15:52:11","guid":{"rendered":"https:\/\/bcmimprovement.com\/site1\/producto\/toner-brother-tn850\/"},"modified":"2024-10-09T15:52:12","modified_gmt":"2024-10-09T15:52:12","slug":"toner-brother-tn850","status":"publish","type":"product","link":"https:\/\/bcmimprovement.com\/site1\/producto\/toner-brother-tn850\/","title":{"rendered":"T\u00f3ner BROTHER TN850"},"content":{"rendered":"<p>T\u00f3ner Brother Valor TN850 negro &#8211; rendimiento aproximado 8, 000 p\u00e1gs.<\/p>\n<p>UPC: 012502642497<\/p>\n<p>Colores de impresi\u00f3n: Negro<br \/>\nTecnolog\u00eda de impresi\u00f3n: Laser<br \/>\nProducci\u00f3n de papel: 8000 p\u00e1ginas<\/p>\n","protected":false},"excerpt":{"rendered":"<p><strong>T\u00f3ner Brother Valor TN850 negro &#8211; rendimiento aproximado 8, 000 p\u00e1gs.<\/strong><\/p>\n","protected":false},"featured_media":0,"comment_status":"closed","ping_status":"open","template":"","meta":[],"product_cat":[126,127],"product_tag":[],"class_list":{"0":"post-15053","1":"product","2":"type-product","3":"status-publish","5":"product_cat-consumibles","6":"product_cat-toners","8":"first","9":"instock","10":"product-type-simple"},"_links":{"self":[{"href":"https:\/\/bcmimprovement.com\/site1\/wp-json\/wp\/v2\/product\/15053","targetHints":{"allow":["GET"]}}],"collection":[{"href":"https:\/\/bcmimprovement.com\/site1\/wp-json\/wp\/v2\/product"}],"about":[{"href":"https:\/\/bcmimprovement.com\/site1\/wp-json\/wp\/v2\/types\/product"}],"replies":[{"embeddable":true,"href":"https:\/\/bcmimprovement.com\/site1\/wp-json\/wp\/v2\/comments?post=15053"}],"wp:attachment":[{"href":"https:\/\/bcmimprovement.com\/site1\/wp-json\/wp\/v2\/media?parent=15053"}],"wp:term":[{"taxonomy":"product_cat","embeddable":true,"href":"https:\/\/bcmimprovement.com\/site1\/wp-json\/wp\/v2\/product_cat?post=15053"},{"taxonomy":"product_tag","embeddable":true,"href":"https:\/\/bcmimprovement.com\/site1\/wp-json\/wp\/v2\/product_tag?post=15053"}],"curies":[{"name":"wp","href":"https:\/\/api.w.org\/{rel}","templated":true}]}}