{"id":15078,"date":"2024-10-09T15:52:44","date_gmt":"2024-10-09T15:52:44","guid":{"rendered":"https:\/\/bcmimprovement.com\/site1\/producto\/cabezal-canon-pf-05\/"},"modified":"2024-10-09T15:52:48","modified_gmt":"2024-10-09T15:52:48","slug":"cabezal-canon-pf-05","status":"publish","type":"product","link":"https:\/\/bcmimprovement.com\/site1\/producto\/cabezal-canon-pf-05\/","title":{"rendered":"Cabezal CANON PF-05"},"content":{"rendered":"<p>Cabezal CANON PF-05 &#8211; Inyecci\u00f3n de tinta<\/p>\n<p>UPC: 013803111262<\/p>\n<p>Tecnolog\u00eda de impresi\u00f3n: Inyecci\u00f3n de tinta<\/p>\n","protected":false},"excerpt":{"rendered":"<p><strong>Cabezal CANON PF-05 &#8211; Inyecci\u00f3n de tinta<\/strong><\/p>\n","protected":false},"featured_media":15079,"comment_status":"closed","ping_status":"open","template":"","meta":[],"product_cat":[130,126],"product_tag":[],"class_list":{"0":"post-15078","1":"product","2":"type-product","3":"status-publish","4":"has-post-thumbnail","6":"product_cat-cartuchos","7":"product_cat-consumibles","9":"first","10":"instock","11":"product-type-simple"},"_links":{"self":[{"href":"https:\/\/bcmimprovement.com\/site1\/wp-json\/wp\/v2\/product\/15078","targetHints":{"allow":["GET"]}}],"collection":[{"href":"https:\/\/bcmimprovement.com\/site1\/wp-json\/wp\/v2\/product"}],"about":[{"href":"https:\/\/bcmimprovement.com\/site1\/wp-json\/wp\/v2\/types\/product"}],"replies":[{"embeddable":true,"href":"https:\/\/bcmimprovement.com\/site1\/wp-json\/wp\/v2\/comments?post=15078"}],"wp:featuredmedia":[{"embeddable":true,"href":"https:\/\/bcmimprovement.com\/site1\/wp-json\/wp\/v2\/media\/15079"}],"wp:attachment":[{"href":"https:\/\/bcmimprovement.com\/site1\/wp-json\/wp\/v2\/media?parent=15078"}],"wp:term":[{"taxonomy":"product_cat","embeddable":true,"href":"https:\/\/bcmimprovement.com\/site1\/wp-json\/wp\/v2\/product_cat?post=15078"},{"taxonomy":"product_tag","embeddable":true,"href":"https:\/\/bcmimprovement.com\/site1\/wp-json\/wp\/v2\/product_tag?post=15078"}],"curies":[{"name":"wp","href":"https:\/\/api.w.org\/{rel}","templated":true}]}}