{"id":15319,"date":"2024-10-09T18:18:13","date_gmt":"2024-10-09T18:18:13","guid":{"rendered":"https:\/\/bcmimprovement.com\/site1\/producto\/toner-kyocera-tk-8802y\/"},"modified":"2024-10-09T18:18:17","modified_gmt":"2024-10-09T18:18:17","slug":"toner-kyocera-tk-8802y","status":"publish","type":"product","link":"https:\/\/bcmimprovement.com\/site1\/producto\/toner-kyocera-tk-8802y\/","title":{"rendered":"T\u00f3ner KYOCERA TK-8802Y"},"content":{"rendered":"<p>T\u00f3ner KYOCERA TK-8802Y &#8211; 20000 p\u00e1ginas, Amarillo<\/p>\n<p>UPC: 632983046418<\/p>\n<p>Colores de impresi\u00f3n: Amarillo<br \/>\nProducci\u00f3n de papel: 20000 p\u00e1ginas<\/p>\n","protected":false},"excerpt":{"rendered":"<p><strong>T\u00f3ner KYOCERA TK-8802Y &#8211; 20000 p\u00e1ginas, Amarillo<\/strong><\/p>\n","protected":false},"featured_media":15320,"comment_status":"closed","ping_status":"open","template":"","meta":[],"product_cat":[126,127],"product_tag":[],"class_list":{"0":"post-15319","1":"product","2":"type-product","3":"status-publish","4":"has-post-thumbnail","6":"product_cat-consumibles","7":"product_cat-toners","9":"first","10":"instock","11":"product-type-simple"},"_links":{"self":[{"href":"https:\/\/bcmimprovement.com\/site1\/wp-json\/wp\/v2\/product\/15319","targetHints":{"allow":["GET"]}}],"collection":[{"href":"https:\/\/bcmimprovement.com\/site1\/wp-json\/wp\/v2\/product"}],"about":[{"href":"https:\/\/bcmimprovement.com\/site1\/wp-json\/wp\/v2\/types\/product"}],"replies":[{"embeddable":true,"href":"https:\/\/bcmimprovement.com\/site1\/wp-json\/wp\/v2\/comments?post=15319"}],"wp:featuredmedia":[{"embeddable":true,"href":"https:\/\/bcmimprovement.com\/site1\/wp-json\/wp\/v2\/media\/15320"}],"wp:attachment":[{"href":"https:\/\/bcmimprovement.com\/site1\/wp-json\/wp\/v2\/media?parent=15319"}],"wp:term":[{"taxonomy":"product_cat","embeddable":true,"href":"https:\/\/bcmimprovement.com\/site1\/wp-json\/wp\/v2\/product_cat?post=15319"},{"taxonomy":"product_tag","embeddable":true,"href":"https:\/\/bcmimprovement.com\/site1\/wp-json\/wp\/v2\/product_tag?post=15319"}],"curies":[{"name":"wp","href":"https:\/\/api.w.org\/{rel}","templated":true}]}}