{"id":15407,"date":"2024-10-09T18:20:47","date_gmt":"2024-10-09T18:20:47","guid":{"rendered":"https:\/\/bcmimprovement.com\/site1\/producto\/toner-samsung-s-print-su486a-clt-y409s\/"},"modified":"2024-10-09T18:21:01","modified_gmt":"2024-10-09T18:21:01","slug":"toner-samsung-s-print-su486a-clt-y409s","status":"publish","type":"product","link":"https:\/\/bcmimprovement.com\/site1\/producto\/toner-samsung-s-print-su486a-clt-y409s\/","title":{"rendered":"T\u00f3ner SAMSUNG S Print SU486A &#8211; CLT-Y409S"},"content":{"rendered":"<p>T\u00f3ner SAMSUNG S Print SU486A &#8211; CLT-Y409S &#8211; 1000 p\u00e1ginas, Amarillo<\/p>\n<p>Colores de impresi\u00f3n: Amarillo<br \/>\nProducci\u00f3n de papel: 1000 p\u00e1ginas<\/p>\n","protected":false},"excerpt":{"rendered":"<p><strong>T\u00f3ner SAMSUNG S Print SU486A &#8211; CLT-Y409S &#8211; 1000 p\u00e1ginas, Amarillo<\/strong><\/p>\n","protected":false},"featured_media":15408,"comment_status":"closed","ping_status":"open","template":"","meta":[],"product_cat":[126,127],"product_tag":[],"class_list":{"0":"post-15407","1":"product","2":"type-product","3":"status-publish","4":"has-post-thumbnail","6":"product_cat-consumibles","7":"product_cat-toners","9":"first","10":"instock","11":"product-type-simple"},"_links":{"self":[{"href":"https:\/\/bcmimprovement.com\/site1\/wp-json\/wp\/v2\/product\/15407","targetHints":{"allow":["GET"]}}],"collection":[{"href":"https:\/\/bcmimprovement.com\/site1\/wp-json\/wp\/v2\/product"}],"about":[{"href":"https:\/\/bcmimprovement.com\/site1\/wp-json\/wp\/v2\/types\/product"}],"replies":[{"embeddable":true,"href":"https:\/\/bcmimprovement.com\/site1\/wp-json\/wp\/v2\/comments?post=15407"}],"wp:featuredmedia":[{"embeddable":true,"href":"https:\/\/bcmimprovement.com\/site1\/wp-json\/wp\/v2\/media\/15408"}],"wp:attachment":[{"href":"https:\/\/bcmimprovement.com\/site1\/wp-json\/wp\/v2\/media?parent=15407"}],"wp:term":[{"taxonomy":"product_cat","embeddable":true,"href":"https:\/\/bcmimprovement.com\/site1\/wp-json\/wp\/v2\/product_cat?post=15407"},{"taxonomy":"product_tag","embeddable":true,"href":"https:\/\/bcmimprovement.com\/site1\/wp-json\/wp\/v2\/product_tag?post=15407"}],"curies":[{"name":"wp","href":"https:\/\/api.w.org\/{rel}","templated":true}]}}