{"id":15453,"date":"2024-10-09T18:22:22","date_gmt":"2024-10-09T18:22:22","guid":{"rendered":"https:\/\/bcmimprovement.com\/site1\/producto\/toner-brother-tn890\/"},"modified":"2024-10-09T18:22:24","modified_gmt":"2024-10-09T18:22:24","slug":"toner-brother-tn890","status":"publish","type":"product","link":"https:\/\/bcmimprovement.com\/site1\/producto\/toner-brother-tn890\/","title":{"rendered":"T\u00f3ner BROTHER TN890"},"content":{"rendered":"<p>T\u00f3ner Brother Valor TN890 negro &#8211; rendimiento aproximado 20, 000 p\u00e1ginas, compatible con HLL6400DW, MFCL6900DW<\/p>\n<p>UPC: 012502642510<\/p>\n<p>Colores de impresi\u00f3n: Negro<br \/>\nProducci\u00f3n de papel: 20000 p\u00e1ginas<\/p>\n","protected":false},"excerpt":{"rendered":"<p><strong>T\u00f3ner Brother Valor TN890 negro &#8211; rendimiento aproximado 20, 000 p\u00e1ginas, compatible con HLL6400DW, MFCL6900DW<\/strong><\/p>\n","protected":false},"featured_media":15454,"comment_status":"closed","ping_status":"open","template":"","meta":[],"product_cat":[126,127],"product_tag":[],"class_list":{"0":"post-15453","1":"product","2":"type-product","3":"status-publish","4":"has-post-thumbnail","6":"product_cat-consumibles","7":"product_cat-toners","9":"first","10":"instock","11":"product-type-simple"},"_links":{"self":[{"href":"https:\/\/bcmimprovement.com\/site1\/wp-json\/wp\/v2\/product\/15453","targetHints":{"allow":["GET"]}}],"collection":[{"href":"https:\/\/bcmimprovement.com\/site1\/wp-json\/wp\/v2\/product"}],"about":[{"href":"https:\/\/bcmimprovement.com\/site1\/wp-json\/wp\/v2\/types\/product"}],"replies":[{"embeddable":true,"href":"https:\/\/bcmimprovement.com\/site1\/wp-json\/wp\/v2\/comments?post=15453"}],"wp:featuredmedia":[{"embeddable":true,"href":"https:\/\/bcmimprovement.com\/site1\/wp-json\/wp\/v2\/media\/15454"}],"wp:attachment":[{"href":"https:\/\/bcmimprovement.com\/site1\/wp-json\/wp\/v2\/media?parent=15453"}],"wp:term":[{"taxonomy":"product_cat","embeddable":true,"href":"https:\/\/bcmimprovement.com\/site1\/wp-json\/wp\/v2\/product_cat?post=15453"},{"taxonomy":"product_tag","embeddable":true,"href":"https:\/\/bcmimprovement.com\/site1\/wp-json\/wp\/v2\/product_tag?post=15453"}],"curies":[{"name":"wp","href":"https:\/\/api.w.org\/{rel}","templated":true}]}}