{"id":15463,"date":"2024-10-09T18:22:31","date_gmt":"2024-10-09T18:22:31","guid":{"rendered":"https:\/\/bcmimprovement.com\/site1\/producto\/toner-lexmark-51b4000\/"},"modified":"2024-10-09T18:22:33","modified_gmt":"2024-10-09T18:22:33","slug":"toner-lexmark-51b4000","status":"publish","type":"product","link":"https:\/\/bcmimprovement.com\/site1\/producto\/toner-lexmark-51b4000\/","title":{"rendered":"T\u00f3ner LEXMARK 51B4000"},"content":{"rendered":"<p>T\u00f3ner LEXMARK 51B4000 &#8211; 3500 p\u00e1ginas, Negro<\/p>\n<p>UPC: 734646641739<\/p>\n<p>Colores de impresi\u00f3n: Negro<br \/>\nProducci\u00f3n de papel: 3500 p\u00e1ginas<\/p>\n","protected":false},"excerpt":{"rendered":"<p><strong>T\u00f3ner LEXMARK 51B4000 &#8211; 3500 p\u00e1ginas, Negro<\/strong><\/p>\n","protected":false},"featured_media":15464,"comment_status":"closed","ping_status":"open","template":"","meta":[],"product_cat":[126,127],"product_tag":[],"class_list":{"0":"post-15463","1":"product","2":"type-product","3":"status-publish","4":"has-post-thumbnail","6":"product_cat-consumibles","7":"product_cat-toners","9":"first","10":"instock","11":"product-type-simple"},"_links":{"self":[{"href":"https:\/\/bcmimprovement.com\/site1\/wp-json\/wp\/v2\/product\/15463","targetHints":{"allow":["GET"]}}],"collection":[{"href":"https:\/\/bcmimprovement.com\/site1\/wp-json\/wp\/v2\/product"}],"about":[{"href":"https:\/\/bcmimprovement.com\/site1\/wp-json\/wp\/v2\/types\/product"}],"replies":[{"embeddable":true,"href":"https:\/\/bcmimprovement.com\/site1\/wp-json\/wp\/v2\/comments?post=15463"}],"wp:featuredmedia":[{"embeddable":true,"href":"https:\/\/bcmimprovement.com\/site1\/wp-json\/wp\/v2\/media\/15464"}],"wp:attachment":[{"href":"https:\/\/bcmimprovement.com\/site1\/wp-json\/wp\/v2\/media?parent=15463"}],"wp:term":[{"taxonomy":"product_cat","embeddable":true,"href":"https:\/\/bcmimprovement.com\/site1\/wp-json\/wp\/v2\/product_cat?post=15463"},{"taxonomy":"product_tag","embeddable":true,"href":"https:\/\/bcmimprovement.com\/site1\/wp-json\/wp\/v2\/product_tag?post=15463"}],"curies":[{"name":"wp","href":"https:\/\/api.w.org\/{rel}","templated":true}]}}