{"id":15467,"date":"2024-10-09T18:22:31","date_gmt":"2024-10-09T18:22:31","guid":{"rendered":"https:\/\/bcmimprovement.com\/site1\/producto\/botella-de-tinta-brother-btd60bk\/"},"modified":"2024-10-09T18:22:36","modified_gmt":"2024-10-09T18:22:36","slug":"botella-de-tinta-brother-btd60bk","status":"publish","type":"product","link":"https:\/\/bcmimprovement.com\/site1\/producto\/botella-de-tinta-brother-btd60bk\/","title":{"rendered":"Botella de Tinta BROTHER BTD60BK"},"content":{"rendered":"<p>Botella de Tinta Brother BTD60BK &#8211; Negro<\/p>\n<p>UPC: 012502650386<\/p>\n<p>Colores de impresi\u00f3n: Negro<br \/>\nTecnolog\u00eda de impresi\u00f3n: Inyecci\u00f3n de tinta<br \/>\nProducci\u00f3n de papel: 6500 p\u00e1ginas<\/p>\n","protected":false},"excerpt":{"rendered":"<p><strong>Botella de Tinta Brother BTD60BK &#8211; Negro<\/strong><\/p>\n","protected":false},"featured_media":15468,"comment_status":"closed","ping_status":"open","template":"","meta":[],"product_cat":[126,131],"product_tag":[],"class_list":{"0":"post-15467","1":"product","2":"type-product","3":"status-publish","4":"has-post-thumbnail","6":"product_cat-consumibles","7":"product_cat-tinta","9":"first","10":"instock","11":"product-type-simple"},"_links":{"self":[{"href":"https:\/\/bcmimprovement.com\/site1\/wp-json\/wp\/v2\/product\/15467","targetHints":{"allow":["GET"]}}],"collection":[{"href":"https:\/\/bcmimprovement.com\/site1\/wp-json\/wp\/v2\/product"}],"about":[{"href":"https:\/\/bcmimprovement.com\/site1\/wp-json\/wp\/v2\/types\/product"}],"replies":[{"embeddable":true,"href":"https:\/\/bcmimprovement.com\/site1\/wp-json\/wp\/v2\/comments?post=15467"}],"wp:featuredmedia":[{"embeddable":true,"href":"https:\/\/bcmimprovement.com\/site1\/wp-json\/wp\/v2\/media\/15468"}],"wp:attachment":[{"href":"https:\/\/bcmimprovement.com\/site1\/wp-json\/wp\/v2\/media?parent=15467"}],"wp:term":[{"taxonomy":"product_cat","embeddable":true,"href":"https:\/\/bcmimprovement.com\/site1\/wp-json\/wp\/v2\/product_cat?post=15467"},{"taxonomy":"product_tag","embeddable":true,"href":"https:\/\/bcmimprovement.com\/site1\/wp-json\/wp\/v2\/product_tag?post=15467"}],"curies":[{"name":"wp","href":"https:\/\/api.w.org\/{rel}","templated":true}]}}