{"id":15579,"date":"2024-10-09T18:24:19","date_gmt":"2024-10-09T18:24:19","guid":{"rendered":"https:\/\/bcmimprovement.com\/site1\/producto\/cabezal-hp-731\/"},"modified":"2024-10-09T18:24:32","modified_gmt":"2024-10-09T18:24:32","slug":"cabezal-hp-731","status":"publish","type":"product","link":"https:\/\/bcmimprovement.com\/site1\/producto\/cabezal-hp-731\/","title":{"rendered":"Cabezal HP 731"},"content":{"rendered":"<p>Cabezal HP 731 &#8211; P2V27A, Negro Mate\/Negro Fotogr\u00e1fico\/Cian\/Magenta\/Amarillo\/Gris<\/p>\n<p>UPC: 190781037712<\/p>\n<p>Tecnolog\u00eda de impresi\u00f3n: Inyecci\u00f3n de tinta<\/p>\n","protected":false},"excerpt":{"rendered":"<p><strong>Cabezal HP 731 &#8211; P2V27A, Negro Mate\/Negro Fotogr\u00e1fico\/Cian\/Magenta\/Amarillo\/Gris<\/strong><\/p>\n","protected":false},"featured_media":15580,"comment_status":"closed","ping_status":"open","template":"","meta":[],"product_cat":[132,126],"product_tag":[],"class_list":{"0":"post-15579","1":"product","2":"type-product","3":"status-publish","4":"has-post-thumbnail","6":"product_cat-cabezales","7":"product_cat-consumibles","9":"first","10":"instock","11":"product-type-simple"},"_links":{"self":[{"href":"https:\/\/bcmimprovement.com\/site1\/wp-json\/wp\/v2\/product\/15579","targetHints":{"allow":["GET"]}}],"collection":[{"href":"https:\/\/bcmimprovement.com\/site1\/wp-json\/wp\/v2\/product"}],"about":[{"href":"https:\/\/bcmimprovement.com\/site1\/wp-json\/wp\/v2\/types\/product"}],"replies":[{"embeddable":true,"href":"https:\/\/bcmimprovement.com\/site1\/wp-json\/wp\/v2\/comments?post=15579"}],"wp:featuredmedia":[{"embeddable":true,"href":"https:\/\/bcmimprovement.com\/site1\/wp-json\/wp\/v2\/media\/15580"}],"wp:attachment":[{"href":"https:\/\/bcmimprovement.com\/site1\/wp-json\/wp\/v2\/media?parent=15579"}],"wp:term":[{"taxonomy":"product_cat","embeddable":true,"href":"https:\/\/bcmimprovement.com\/site1\/wp-json\/wp\/v2\/product_cat?post=15579"},{"taxonomy":"product_tag","embeddable":true,"href":"https:\/\/bcmimprovement.com\/site1\/wp-json\/wp\/v2\/product_tag?post=15579"}],"curies":[{"name":"wp","href":"https:\/\/api.w.org\/{rel}","templated":true}]}}