{"id":15701,"date":"2024-10-09T18:26:42","date_gmt":"2024-10-09T18:26:42","guid":{"rendered":"https:\/\/bcmimprovement.com\/site1\/producto\/toner-kyocera-tk-6707\/"},"modified":"2024-10-09T18:26:43","modified_gmt":"2024-10-09T18:26:43","slug":"toner-kyocera-tk-6707","status":"publish","type":"product","link":"https:\/\/bcmimprovement.com\/site1\/producto\/toner-kyocera-tk-6707\/","title":{"rendered":"T\u00f3ner KYOCERA TK-6707"},"content":{"rendered":"<p>T\u00f3ner KYOCERA TK-6707 &#8211; 70, 000 P\u00e1ginas, Negro, TASKalfa 2550<\/p>\n<p>UPC: 632983021835<\/p>\n<p>Colores de impresi\u00f3n: Negro<br \/>\nCompatibilidad: TASKalfa 2550<br \/>\nProducci\u00f3n de papel: 70,000 P\u00e1ginas<\/p>\n","protected":false},"excerpt":{"rendered":"<p><strong>T\u00f3ner KYOCERA TK-6707 &#8211; 70, 000 P\u00e1ginas, Negro, TASKalfa 2550<\/strong><\/p>\n","protected":false},"featured_media":15702,"comment_status":"closed","ping_status":"open","template":"","meta":[],"product_cat":[126,127],"product_tag":[],"class_list":{"0":"post-15701","1":"product","2":"type-product","3":"status-publish","4":"has-post-thumbnail","6":"product_cat-consumibles","7":"product_cat-toners","9":"first","10":"instock","11":"product-type-simple"},"_links":{"self":[{"href":"https:\/\/bcmimprovement.com\/site1\/wp-json\/wp\/v2\/product\/15701","targetHints":{"allow":["GET"]}}],"collection":[{"href":"https:\/\/bcmimprovement.com\/site1\/wp-json\/wp\/v2\/product"}],"about":[{"href":"https:\/\/bcmimprovement.com\/site1\/wp-json\/wp\/v2\/types\/product"}],"replies":[{"embeddable":true,"href":"https:\/\/bcmimprovement.com\/site1\/wp-json\/wp\/v2\/comments?post=15701"}],"wp:featuredmedia":[{"embeddable":true,"href":"https:\/\/bcmimprovement.com\/site1\/wp-json\/wp\/v2\/media\/15702"}],"wp:attachment":[{"href":"https:\/\/bcmimprovement.com\/site1\/wp-json\/wp\/v2\/media?parent=15701"}],"wp:term":[{"taxonomy":"product_cat","embeddable":true,"href":"https:\/\/bcmimprovement.com\/site1\/wp-json\/wp\/v2\/product_cat?post=15701"},{"taxonomy":"product_tag","embeddable":true,"href":"https:\/\/bcmimprovement.com\/site1\/wp-json\/wp\/v2\/product_tag?post=15701"}],"curies":[{"name":"wp","href":"https:\/\/api.w.org\/{rel}","templated":true}]}}