{"id":15761,"date":"2024-10-09T18:28:10","date_gmt":"2024-10-09T18:28:10","guid":{"rendered":"https:\/\/bcmimprovement.com\/site1\/producto\/toner-brother-tn730\/"},"modified":"2024-10-09T18:28:10","modified_gmt":"2024-10-09T18:28:10","slug":"toner-brother-tn730","status":"publish","type":"product","link":"https:\/\/bcmimprovement.com\/site1\/producto\/toner-brother-tn730\/","title":{"rendered":"T\u00f3ner BROTHER TN730"},"content":{"rendered":"<p>T\u00f3ner BROTHER TN730 &#8211; Impresi\u00f3n L\u00e1ser, Negro, DCP-L2550DW, HL-L2350DW, HL-L2370DW, HL-L2370DW XL, HL-L2390DW, HL-L2395DW, MFC-L2710DW, MFC-L2750DW<\/p>\n<p>UPC: 012502649267<\/p>\n<p>Colores de impresi\u00f3n: Negro<br \/>\nTecnolog\u00eda de impresi\u00f3n: Impresi\u00f3n L\u00e1ser<br \/>\nCompatibilidad: DCP-L2550DW, HL-L2350DW, HL-L2370DW, HL-L2370DW XL, HL-L2390DW, HL-L2395DW, MFC-L2710DW, MFC-L2750DW<\/p>\n","protected":false},"excerpt":{"rendered":"<p><strong>T\u00f3ner BROTHER TN730 &#8211; Impresi\u00f3n L\u00e1ser, Negro, DCP-L2550DW, HL-L2350DW, HL-L2370DW, HL-L2370DW XL, HL-L2390DW, HL-L2395DW, MFC-L2710DW, MFC-L2750DW<\/strong><\/p>\n","protected":false},"featured_media":15762,"comment_status":"closed","ping_status":"open","template":"","meta":[],"product_cat":[126,127],"product_tag":[],"class_list":{"0":"post-15761","1":"product","2":"type-product","3":"status-publish","4":"has-post-thumbnail","6":"product_cat-consumibles","7":"product_cat-toners","9":"first","10":"instock","11":"product-type-simple"},"_links":{"self":[{"href":"https:\/\/bcmimprovement.com\/site1\/wp-json\/wp\/v2\/product\/15761","targetHints":{"allow":["GET"]}}],"collection":[{"href":"https:\/\/bcmimprovement.com\/site1\/wp-json\/wp\/v2\/product"}],"about":[{"href":"https:\/\/bcmimprovement.com\/site1\/wp-json\/wp\/v2\/types\/product"}],"replies":[{"embeddable":true,"href":"https:\/\/bcmimprovement.com\/site1\/wp-json\/wp\/v2\/comments?post=15761"}],"wp:featuredmedia":[{"embeddable":true,"href":"https:\/\/bcmimprovement.com\/site1\/wp-json\/wp\/v2\/media\/15762"}],"wp:attachment":[{"href":"https:\/\/bcmimprovement.com\/site1\/wp-json\/wp\/v2\/media?parent=15761"}],"wp:term":[{"taxonomy":"product_cat","embeddable":true,"href":"https:\/\/bcmimprovement.com\/site1\/wp-json\/wp\/v2\/product_cat?post=15761"},{"taxonomy":"product_tag","embeddable":true,"href":"https:\/\/bcmimprovement.com\/site1\/wp-json\/wp\/v2\/product_tag?post=15761"}],"curies":[{"name":"wp","href":"https:\/\/api.w.org\/{rel}","templated":true}]}}