{"id":15815,"date":"2024-10-09T18:29:13","date_gmt":"2024-10-09T18:29:13","guid":{"rendered":"https:\/\/bcmimprovement.com\/site1\/producto\/toner-brother-tn439bk\/"},"modified":"2024-10-09T18:29:15","modified_gmt":"2024-10-09T18:29:15","slug":"toner-brother-tn439bk","status":"publish","type":"product","link":"https:\/\/bcmimprovement.com\/site1\/producto\/toner-brother-tn439bk\/","title":{"rendered":"T\u00f3ner BROTHER TN439BK"},"content":{"rendered":"<p>T\u00f3ner Brother Valor TN439BK negro &#8211; rendimiento aproximado 9, 000 p\u00e1ginas, compatible con HLL9310CDW, MFCL9570CDW<\/p>\n<p>UPC: 012502646068<\/p>\n<p>Colores de impresi\u00f3n: Negro<br \/>\nTecnolog\u00eda de impresi\u00f3n: Laser<br \/>\nTipo de embalaje: Caja<br \/>\nMarca compatible: Brother<\/p>\n","protected":false},"excerpt":{"rendered":"<p><strong>T\u00f3ner Brother Valor TN439BK negro &#8211; rendimiento aproximado 9, 000 p\u00e1ginas, compatible con HLL9310CDW, MFCL9570CDW<\/strong><\/p>\n","protected":false},"featured_media":15816,"comment_status":"closed","ping_status":"open","template":"","meta":[],"product_cat":[126,127],"product_tag":[],"class_list":{"0":"post-15815","1":"product","2":"type-product","3":"status-publish","4":"has-post-thumbnail","6":"product_cat-consumibles","7":"product_cat-toners","9":"first","10":"instock","11":"product-type-simple"},"_links":{"self":[{"href":"https:\/\/bcmimprovement.com\/site1\/wp-json\/wp\/v2\/product\/15815","targetHints":{"allow":["GET"]}}],"collection":[{"href":"https:\/\/bcmimprovement.com\/site1\/wp-json\/wp\/v2\/product"}],"about":[{"href":"https:\/\/bcmimprovement.com\/site1\/wp-json\/wp\/v2\/types\/product"}],"replies":[{"embeddable":true,"href":"https:\/\/bcmimprovement.com\/site1\/wp-json\/wp\/v2\/comments?post=15815"}],"wp:featuredmedia":[{"embeddable":true,"href":"https:\/\/bcmimprovement.com\/site1\/wp-json\/wp\/v2\/media\/15816"}],"wp:attachment":[{"href":"https:\/\/bcmimprovement.com\/site1\/wp-json\/wp\/v2\/media?parent=15815"}],"wp:term":[{"taxonomy":"product_cat","embeddable":true,"href":"https:\/\/bcmimprovement.com\/site1\/wp-json\/wp\/v2\/product_cat?post=15815"},{"taxonomy":"product_tag","embeddable":true,"href":"https:\/\/bcmimprovement.com\/site1\/wp-json\/wp\/v2\/product_tag?post=15815"}],"curies":[{"name":"wp","href":"https:\/\/api.w.org\/{rel}","templated":true}]}}