{"id":15943,"date":"2024-10-09T18:32:45","date_gmt":"2024-10-09T18:32:45","guid":{"rendered":"https:\/\/bcmimprovement.com\/site1\/producto\/tanque-de-tinta-canon-pfi-303\/"},"modified":"2024-10-09T18:32:48","modified_gmt":"2024-10-09T18:32:48","slug":"tanque-de-tinta-canon-pfi-303","status":"publish","type":"product","link":"https:\/\/bcmimprovement.com\/site1\/producto\/tanque-de-tinta-canon-pfi-303\/","title":{"rendered":"Tanque de tinta CANON PFI-303"},"content":{"rendered":"<p>Tanque de tinta CANON PFI-303 &#8211; Cian, 330ml. Tecnolog\u00eda de impresi\u00f3n inyecci\u00f3n de tinta. Tinta a base de pigmentos<\/p>\n<p>UPC: 013803095234EAN: 4960999579931<\/p>\n<p>Colores de impresi\u00f3n: Cian<\/p>\n","protected":false},"excerpt":{"rendered":"<p><strong>Tanque de tinta CANON PFI-303 &#8211; Cian, 330ml. Tecnolog\u00eda de impresi\u00f3n inyecci\u00f3n de tinta. Tinta a base de pigmentos<\/strong><\/p>\n","protected":false},"featured_media":15944,"comment_status":"closed","ping_status":"open","template":"","meta":[],"product_cat":[126,131],"product_tag":[],"class_list":{"0":"post-15943","1":"product","2":"type-product","3":"status-publish","4":"has-post-thumbnail","6":"product_cat-consumibles","7":"product_cat-tinta","9":"first","10":"instock","11":"product-type-simple"},"_links":{"self":[{"href":"https:\/\/bcmimprovement.com\/site1\/wp-json\/wp\/v2\/product\/15943","targetHints":{"allow":["GET"]}}],"collection":[{"href":"https:\/\/bcmimprovement.com\/site1\/wp-json\/wp\/v2\/product"}],"about":[{"href":"https:\/\/bcmimprovement.com\/site1\/wp-json\/wp\/v2\/types\/product"}],"replies":[{"embeddable":true,"href":"https:\/\/bcmimprovement.com\/site1\/wp-json\/wp\/v2\/comments?post=15943"}],"wp:featuredmedia":[{"embeddable":true,"href":"https:\/\/bcmimprovement.com\/site1\/wp-json\/wp\/v2\/media\/15944"}],"wp:attachment":[{"href":"https:\/\/bcmimprovement.com\/site1\/wp-json\/wp\/v2\/media?parent=15943"}],"wp:term":[{"taxonomy":"product_cat","embeddable":true,"href":"https:\/\/bcmimprovement.com\/site1\/wp-json\/wp\/v2\/product_cat?post=15943"},{"taxonomy":"product_tag","embeddable":true,"href":"https:\/\/bcmimprovement.com\/site1\/wp-json\/wp\/v2\/product_tag?post=15943"}],"curies":[{"name":"wp","href":"https:\/\/api.w.org\/{rel}","templated":true}]}}