{"id":15953,"date":"2024-10-09T18:32:56","date_gmt":"2024-10-09T18:32:56","guid":{"rendered":"https:\/\/bcmimprovement.com\/site1\/producto\/toner-kyocera-tk-7207\/"},"modified":"2024-10-09T18:32:57","modified_gmt":"2024-10-09T18:32:57","slug":"toner-kyocera-tk-7207","status":"publish","type":"product","link":"https:\/\/bcmimprovement.com\/site1\/producto\/toner-kyocera-tk-7207\/","title":{"rendered":"T\u00f3ner KYOCERA TK-7207"},"content":{"rendered":"<p>T\u00f3ner Negro KYOCERA TK-7207 1T02NL0US0 &#8211; TASKALFA 3510i-3511i, rendimiento 35, 000 P\u00e1ginas<\/p>\n<p>UPC: 632983031186<\/p>\n","protected":false},"excerpt":{"rendered":"<p><strong>T\u00f3ner Negro KYOCERA TK-7207 1T02NL0US0 &#8211; TASKALFA 3510i-3511i, rendimiento 35, 000 P\u00e1ginas<\/strong><\/p>\n","protected":false},"featured_media":15954,"comment_status":"closed","ping_status":"open","template":"","meta":[],"product_cat":[126,127],"product_tag":[],"class_list":{"0":"post-15953","1":"product","2":"type-product","3":"status-publish","4":"has-post-thumbnail","6":"product_cat-consumibles","7":"product_cat-toners","9":"first","10":"instock","11":"product-type-simple"},"_links":{"self":[{"href":"https:\/\/bcmimprovement.com\/site1\/wp-json\/wp\/v2\/product\/15953","targetHints":{"allow":["GET"]}}],"collection":[{"href":"https:\/\/bcmimprovement.com\/site1\/wp-json\/wp\/v2\/product"}],"about":[{"href":"https:\/\/bcmimprovement.com\/site1\/wp-json\/wp\/v2\/types\/product"}],"replies":[{"embeddable":true,"href":"https:\/\/bcmimprovement.com\/site1\/wp-json\/wp\/v2\/comments?post=15953"}],"wp:featuredmedia":[{"embeddable":true,"href":"https:\/\/bcmimprovement.com\/site1\/wp-json\/wp\/v2\/media\/15954"}],"wp:attachment":[{"href":"https:\/\/bcmimprovement.com\/site1\/wp-json\/wp\/v2\/media?parent=15953"}],"wp:term":[{"taxonomy":"product_cat","embeddable":true,"href":"https:\/\/bcmimprovement.com\/site1\/wp-json\/wp\/v2\/product_cat?post=15953"},{"taxonomy":"product_tag","embeddable":true,"href":"https:\/\/bcmimprovement.com\/site1\/wp-json\/wp\/v2\/product_tag?post=15953"}],"curies":[{"name":"wp","href":"https:\/\/api.w.org\/{rel}","templated":true}]}}