{"id":15965,"date":"2024-10-09T18:33:07","date_gmt":"2024-10-09T18:33:07","guid":{"rendered":"https:\/\/bcmimprovement.com\/site1\/producto\/toner-canon-gpr-53-2\/"},"modified":"2024-10-09T18:33:09","modified_gmt":"2024-10-09T18:33:09","slug":"toner-canon-gpr-53-2","status":"publish","type":"product","link":"https:\/\/bcmimprovement.com\/site1\/producto\/toner-canon-gpr-53-2\/","title":{"rendered":"T\u00f3ner. CANON GPR-53"},"content":{"rendered":"<p>T\u00f3ner. CANON GPR-53 &#8211; 19000 p\u00e1ginas, Amarillo, Canon<\/p>\n<p>UPC: 013803243765<\/p>\n<p>Colores de impresi\u00f3n: Amarillo<br \/>\nCompatibilidad: Canon<br \/>\nProducci\u00f3n de papel: 19000 p\u00e1ginas<\/p>\n","protected":false},"excerpt":{"rendered":"<p><strong>T\u00f3ner. CANON GPR-53 &#8211; 19000 p\u00e1ginas, Amarillo, Canon<\/strong><\/p>\n","protected":false},"featured_media":15966,"comment_status":"closed","ping_status":"open","template":"","meta":[],"product_cat":[126,127],"product_tag":[],"class_list":{"0":"post-15965","1":"product","2":"type-product","3":"status-publish","4":"has-post-thumbnail","6":"product_cat-consumibles","7":"product_cat-toners","9":"first","10":"instock","11":"product-type-simple"},"_links":{"self":[{"href":"https:\/\/bcmimprovement.com\/site1\/wp-json\/wp\/v2\/product\/15965","targetHints":{"allow":["GET"]}}],"collection":[{"href":"https:\/\/bcmimprovement.com\/site1\/wp-json\/wp\/v2\/product"}],"about":[{"href":"https:\/\/bcmimprovement.com\/site1\/wp-json\/wp\/v2\/types\/product"}],"replies":[{"embeddable":true,"href":"https:\/\/bcmimprovement.com\/site1\/wp-json\/wp\/v2\/comments?post=15965"}],"wp:featuredmedia":[{"embeddable":true,"href":"https:\/\/bcmimprovement.com\/site1\/wp-json\/wp\/v2\/media\/15966"}],"wp:attachment":[{"href":"https:\/\/bcmimprovement.com\/site1\/wp-json\/wp\/v2\/media?parent=15965"}],"wp:term":[{"taxonomy":"product_cat","embeddable":true,"href":"https:\/\/bcmimprovement.com\/site1\/wp-json\/wp\/v2\/product_cat?post=15965"},{"taxonomy":"product_tag","embeddable":true,"href":"https:\/\/bcmimprovement.com\/site1\/wp-json\/wp\/v2\/product_tag?post=15965"}],"curies":[{"name":"wp","href":"https:\/\/api.w.org\/{rel}","templated":true}]}}