{"id":16035,"date":"2024-10-09T18:34:20","date_gmt":"2024-10-09T18:34:20","guid":{"rendered":"https:\/\/bcmimprovement.com\/site1\/producto\/toner-canon-3482b005aa\/"},"modified":"2024-10-09T18:34:23","modified_gmt":"2024-10-09T18:34:23","slug":"toner-canon-3482b005aa","status":"publish","type":"product","link":"https:\/\/bcmimprovement.com\/site1\/producto\/toner-canon-3482b005aa\/","title":{"rendered":"T\u00f3ner CANON 3482B005AA"},"content":{"rendered":"<p>T\u00f3ner  CANON 3482B005AA &#8211; Laser, 12500 p\u00e1ginas, Negro, imageRunner LBP3560<\/p>\n<p>UPC: 013803122787EAN: 4960999665665<\/p>\n<p>Colores de impresi\u00f3n: Negro<br \/>\nTecnolog\u00eda de impresi\u00f3n: Laser<br \/>\nProducci\u00f3n de papel: 12500 p\u00e1ginas<br \/>\nCompatibilidad: imageRunner LBP3560<\/p>\n","protected":false},"excerpt":{"rendered":"<p><strong>T\u00f3ner  CANON 3482B005AA &#8211; Laser, 12500 p\u00e1ginas, Negro, imageRunner LBP3560<\/strong><\/p>\n","protected":false},"featured_media":16036,"comment_status":"closed","ping_status":"open","template":"","meta":[],"product_cat":[126,127],"product_tag":[],"class_list":{"0":"post-16035","1":"product","2":"type-product","3":"status-publish","4":"has-post-thumbnail","6":"product_cat-consumibles","7":"product_cat-toners","9":"first","10":"instock","11":"product-type-simple"},"_links":{"self":[{"href":"https:\/\/bcmimprovement.com\/site1\/wp-json\/wp\/v2\/product\/16035","targetHints":{"allow":["GET"]}}],"collection":[{"href":"https:\/\/bcmimprovement.com\/site1\/wp-json\/wp\/v2\/product"}],"about":[{"href":"https:\/\/bcmimprovement.com\/site1\/wp-json\/wp\/v2\/types\/product"}],"replies":[{"embeddable":true,"href":"https:\/\/bcmimprovement.com\/site1\/wp-json\/wp\/v2\/comments?post=16035"}],"wp:featuredmedia":[{"embeddable":true,"href":"https:\/\/bcmimprovement.com\/site1\/wp-json\/wp\/v2\/media\/16036"}],"wp:attachment":[{"href":"https:\/\/bcmimprovement.com\/site1\/wp-json\/wp\/v2\/media?parent=16035"}],"wp:term":[{"taxonomy":"product_cat","embeddable":true,"href":"https:\/\/bcmimprovement.com\/site1\/wp-json\/wp\/v2\/product_cat?post=16035"},{"taxonomy":"product_tag","embeddable":true,"href":"https:\/\/bcmimprovement.com\/site1\/wp-json\/wp\/v2\/product_tag?post=16035"}],"curies":[{"name":"wp","href":"https:\/\/api.w.org\/{rel}","templated":true}]}}