{"id":16207,"date":"2024-10-09T18:38:17","date_gmt":"2024-10-09T18:38:17","guid":{"rendered":"https:\/\/bcmimprovement.com\/site1\/producto\/tanque-de-tinta-canon-pfi-110-black\/"},"modified":"2024-10-09T18:38:25","modified_gmt":"2024-10-09T18:38:25","slug":"tanque-de-tinta-canon-pfi-110-black","status":"publish","type":"product","link":"https:\/\/bcmimprovement.com\/site1\/producto\/tanque-de-tinta-canon-pfi-110-black\/","title":{"rendered":"Tanque de Tinta. CANON PFI-110 BLACK"},"content":{"rendered":"<p>Tanque de Tinta. CANON PFI-110 BLACK &#8211; Inyecci\u00f3n de tinta, Plotters ImagePrograf TX series, Tanque<\/p>\n<p>Tecnolog\u00eda de impresi\u00f3n: Inyecci\u00f3n de tinta<br \/>\nTipo de embalaje: Tanque<br \/>\nMarca compatible: Plotters ImagePrograf TX series<\/p>\n","protected":false},"excerpt":{"rendered":"<p><strong>Tanque de Tinta. CANON PFI-110 BLACK &#8211; Inyecci\u00f3n de tinta, Plotters ImagePrograf TX series, Tanque<\/strong><\/p>\n","protected":false},"featured_media":16208,"comment_status":"closed","ping_status":"open","template":"","meta":[],"product_cat":[126,131],"product_tag":[],"class_list":{"0":"post-16207","1":"product","2":"type-product","3":"status-publish","4":"has-post-thumbnail","6":"product_cat-consumibles","7":"product_cat-tinta","9":"first","10":"instock","11":"product-type-simple"},"_links":{"self":[{"href":"https:\/\/bcmimprovement.com\/site1\/wp-json\/wp\/v2\/product\/16207","targetHints":{"allow":["GET"]}}],"collection":[{"href":"https:\/\/bcmimprovement.com\/site1\/wp-json\/wp\/v2\/product"}],"about":[{"href":"https:\/\/bcmimprovement.com\/site1\/wp-json\/wp\/v2\/types\/product"}],"replies":[{"embeddable":true,"href":"https:\/\/bcmimprovement.com\/site1\/wp-json\/wp\/v2\/comments?post=16207"}],"wp:featuredmedia":[{"embeddable":true,"href":"https:\/\/bcmimprovement.com\/site1\/wp-json\/wp\/v2\/media\/16208"}],"wp:attachment":[{"href":"https:\/\/bcmimprovement.com\/site1\/wp-json\/wp\/v2\/media?parent=16207"}],"wp:term":[{"taxonomy":"product_cat","embeddable":true,"href":"https:\/\/bcmimprovement.com\/site1\/wp-json\/wp\/v2\/product_cat?post=16207"},{"taxonomy":"product_tag","embeddable":true,"href":"https:\/\/bcmimprovement.com\/site1\/wp-json\/wp\/v2\/product_tag?post=16207"}],"curies":[{"name":"wp","href":"https:\/\/api.w.org\/{rel}","templated":true}]}}