{"id":16253,"date":"2024-10-09T18:39:28","date_gmt":"2024-10-09T18:39:28","guid":{"rendered":"https:\/\/bcmimprovement.com\/site1\/producto\/toner-hp-sv378a\/"},"modified":"2024-10-09T18:39:30","modified_gmt":"2024-10-09T18:39:30","slug":"toner-hp-sv378a","status":"publish","type":"product","link":"https:\/\/bcmimprovement.com\/site1\/producto\/toner-hp-sv378a\/","title":{"rendered":"T\u00f3ner HP SV378A"},"content":{"rendered":"<p>T\u00f3ner Samsung CLT-C603L &#8211; SV378A, Cian<\/p>\n<p>Colores de impresi\u00f3n: Cian<br \/>\nProducci\u00f3n de papel: 10000 p\u00e1ginas<br \/>\nCompatibilidad: Impresora l\u00e1ser color Samsung ProXpress SL-C4010ND, Impresora l\u00e1ser multifunci\u00f3n a color Samsung Pro<\/p>\n","protected":false},"excerpt":{"rendered":"<p><strong>T\u00f3ner Samsung CLT-C603L &#8211; SV378A, Cian<\/strong><\/p>\n","protected":false},"featured_media":16254,"comment_status":"closed","ping_status":"open","template":"","meta":[],"product_cat":[126,127],"product_tag":[],"class_list":{"0":"post-16253","1":"product","2":"type-product","3":"status-publish","4":"has-post-thumbnail","6":"product_cat-consumibles","7":"product_cat-toners","9":"first","10":"instock","11":"product-type-simple"},"_links":{"self":[{"href":"https:\/\/bcmimprovement.com\/site1\/wp-json\/wp\/v2\/product\/16253","targetHints":{"allow":["GET"]}}],"collection":[{"href":"https:\/\/bcmimprovement.com\/site1\/wp-json\/wp\/v2\/product"}],"about":[{"href":"https:\/\/bcmimprovement.com\/site1\/wp-json\/wp\/v2\/types\/product"}],"replies":[{"embeddable":true,"href":"https:\/\/bcmimprovement.com\/site1\/wp-json\/wp\/v2\/comments?post=16253"}],"wp:featuredmedia":[{"embeddable":true,"href":"https:\/\/bcmimprovement.com\/site1\/wp-json\/wp\/v2\/media\/16254"}],"wp:attachment":[{"href":"https:\/\/bcmimprovement.com\/site1\/wp-json\/wp\/v2\/media?parent=16253"}],"wp:term":[{"taxonomy":"product_cat","embeddable":true,"href":"https:\/\/bcmimprovement.com\/site1\/wp-json\/wp\/v2\/product_cat?post=16253"},{"taxonomy":"product_tag","embeddable":true,"href":"https:\/\/bcmimprovement.com\/site1\/wp-json\/wp\/v2\/product_tag?post=16253"}],"curies":[{"name":"wp","href":"https:\/\/api.w.org\/{rel}","templated":true}]}}