{"id":16273,"date":"2024-10-09T18:40:02","date_gmt":"2024-10-09T18:40:02","guid":{"rendered":"https:\/\/bcmimprovement.com\/site1\/producto\/toner-kyocera-1t0coaaus0\/"},"modified":"2024-10-09T18:40:05","modified_gmt":"2024-10-09T18:40:05","slug":"toner-kyocera-1t0coaaus0","status":"publish","type":"product","link":"https:\/\/bcmimprovement.com\/site1\/producto\/toner-kyocera-1t0coaaus0\/","title":{"rendered":"T\u00f3ner KYOCERA 1T0COAAUS0"},"content":{"rendered":"<p>TONKYC2090 T\u00f3ner KYOCERA 1T0COAAUS0 TK-5442Y &#8211; 2400 p\u00e1ginas, amarillo<\/p>\n<p>UPC: 632983075074<\/p>\n<p>Colores de impresi\u00f3n: Amarillo<br \/>\nProducci\u00f3n de papel: 2400 p\u00e1ginas<\/p>\n","protected":false},"excerpt":{"rendered":"<p><strong>TONKYC2090 T\u00f3ner KYOCERA 1T0COAAUS0 TK-5442Y &#8211; 2400 p\u00e1ginas, amarillo<\/strong><\/p>\n","protected":false},"featured_media":16274,"comment_status":"closed","ping_status":"open","template":"","meta":[],"product_cat":[126,127],"product_tag":[],"class_list":{"0":"post-16273","1":"product","2":"type-product","3":"status-publish","4":"has-post-thumbnail","6":"product_cat-consumibles","7":"product_cat-toners","9":"first","10":"instock","11":"product-type-simple"},"_links":{"self":[{"href":"https:\/\/bcmimprovement.com\/site1\/wp-json\/wp\/v2\/product\/16273","targetHints":{"allow":["GET"]}}],"collection":[{"href":"https:\/\/bcmimprovement.com\/site1\/wp-json\/wp\/v2\/product"}],"about":[{"href":"https:\/\/bcmimprovement.com\/site1\/wp-json\/wp\/v2\/types\/product"}],"replies":[{"embeddable":true,"href":"https:\/\/bcmimprovement.com\/site1\/wp-json\/wp\/v2\/comments?post=16273"}],"wp:featuredmedia":[{"embeddable":true,"href":"https:\/\/bcmimprovement.com\/site1\/wp-json\/wp\/v2\/media\/16274"}],"wp:attachment":[{"href":"https:\/\/bcmimprovement.com\/site1\/wp-json\/wp\/v2\/media?parent=16273"}],"wp:term":[{"taxonomy":"product_cat","embeddable":true,"href":"https:\/\/bcmimprovement.com\/site1\/wp-json\/wp\/v2\/product_cat?post=16273"},{"taxonomy":"product_tag","embeddable":true,"href":"https:\/\/bcmimprovement.com\/site1\/wp-json\/wp\/v2\/product_tag?post=16273"}],"curies":[{"name":"wp","href":"https:\/\/api.w.org\/{rel}","templated":true}]}}