{"id":16309,"date":"2024-10-09T18:40:57","date_gmt":"2024-10-09T18:40:57","guid":{"rendered":"https:\/\/bcmimprovement.com\/site1\/producto\/toner-canon-gpr-55\/"},"modified":"2024-10-09T18:41:04","modified_gmt":"2024-10-09T18:41:04","slug":"toner-canon-gpr-55","status":"publish","type":"product","link":"https:\/\/bcmimprovement.com\/site1\/producto\/toner-canon-gpr-55\/","title":{"rendered":"T\u00f3ner CANON GPR-55"},"content":{"rendered":"<p>T\u00f3ner. Canon GPR-55 0481C NEGRO. Aproximadamente 69 &#8211; 000 p\u00e1ginas de rendimiento. Compatible con Canon ImageRunner Advance C5535\/C5540\/C5550\/C5560<\/p>\n<p>UPC: 013803267273<\/p>\n","protected":false},"excerpt":{"rendered":"<p><strong>T\u00f3ner. Canon GPR-55 0481C NEGRO. Aproximadamente 69 &#8211; 000 p\u00e1ginas de rendimiento. Compatible con Canon ImageRunner Advance C5535\/C5540\/C5550\/C5560<\/strong><\/p>\n","protected":false},"featured_media":16310,"comment_status":"closed","ping_status":"open","template":"","meta":[],"product_cat":[126,127],"product_tag":[],"class_list":{"0":"post-16309","1":"product","2":"type-product","3":"status-publish","4":"has-post-thumbnail","6":"product_cat-consumibles","7":"product_cat-toners","9":"first","10":"instock","11":"product-type-simple"},"_links":{"self":[{"href":"https:\/\/bcmimprovement.com\/site1\/wp-json\/wp\/v2\/product\/16309","targetHints":{"allow":["GET"]}}],"collection":[{"href":"https:\/\/bcmimprovement.com\/site1\/wp-json\/wp\/v2\/product"}],"about":[{"href":"https:\/\/bcmimprovement.com\/site1\/wp-json\/wp\/v2\/types\/product"}],"replies":[{"embeddable":true,"href":"https:\/\/bcmimprovement.com\/site1\/wp-json\/wp\/v2\/comments?post=16309"}],"wp:featuredmedia":[{"embeddable":true,"href":"https:\/\/bcmimprovement.com\/site1\/wp-json\/wp\/v2\/media\/16310"}],"wp:attachment":[{"href":"https:\/\/bcmimprovement.com\/site1\/wp-json\/wp\/v2\/media?parent=16309"}],"wp:term":[{"taxonomy":"product_cat","embeddable":true,"href":"https:\/\/bcmimprovement.com\/site1\/wp-json\/wp\/v2\/product_cat?post=16309"},{"taxonomy":"product_tag","embeddable":true,"href":"https:\/\/bcmimprovement.com\/site1\/wp-json\/wp\/v2\/product_tag?post=16309"}],"curies":[{"name":"wp","href":"https:\/\/api.w.org\/{rel}","templated":true}]}}