{"id":16319,"date":"2024-10-09T18:41:09","date_gmt":"2024-10-09T18:41:09","guid":{"rendered":"https:\/\/bcmimprovement.com\/site1\/producto\/toner-canon-3760c003aa\/"},"modified":"2024-10-09T18:41:15","modified_gmt":"2024-10-09T18:41:15","slug":"toner-canon-3760c003aa","status":"publish","type":"product","link":"https:\/\/bcmimprovement.com\/site1\/producto\/toner-canon-3760c003aa\/","title":{"rendered":"T\u00f3ner CANON 3760C003AA"},"content":{"rendered":"<p>T\u00f3ner. Canon GPR-62 3760C003AA NEGRO. Aproximadamente 30 &#8211; 000 p\u00e1ginas de rendimiento. Compatible con Canon ImageRunner 2630<\/p>\n<p>UPC: 013803319941<\/p>\n","protected":false},"excerpt":{"rendered":"<p><strong>T\u00f3ner. Canon GPR-62 3760C003AA NEGRO. Aproximadamente 30 &#8211; 000 p\u00e1ginas de rendimiento. Compatible con Canon ImageRunner 2630<\/strong><\/p>\n","protected":false},"featured_media":16320,"comment_status":"closed","ping_status":"open","template":"","meta":[],"product_cat":[126,127],"product_tag":[],"class_list":{"0":"post-16319","1":"product","2":"type-product","3":"status-publish","4":"has-post-thumbnail","6":"product_cat-consumibles","7":"product_cat-toners","9":"first","10":"instock","11":"product-type-simple"},"_links":{"self":[{"href":"https:\/\/bcmimprovement.com\/site1\/wp-json\/wp\/v2\/product\/16319","targetHints":{"allow":["GET"]}}],"collection":[{"href":"https:\/\/bcmimprovement.com\/site1\/wp-json\/wp\/v2\/product"}],"about":[{"href":"https:\/\/bcmimprovement.com\/site1\/wp-json\/wp\/v2\/types\/product"}],"replies":[{"embeddable":true,"href":"https:\/\/bcmimprovement.com\/site1\/wp-json\/wp\/v2\/comments?post=16319"}],"wp:featuredmedia":[{"embeddable":true,"href":"https:\/\/bcmimprovement.com\/site1\/wp-json\/wp\/v2\/media\/16320"}],"wp:attachment":[{"href":"https:\/\/bcmimprovement.com\/site1\/wp-json\/wp\/v2\/media?parent=16319"}],"wp:term":[{"taxonomy":"product_cat","embeddable":true,"href":"https:\/\/bcmimprovement.com\/site1\/wp-json\/wp\/v2\/product_cat?post=16319"},{"taxonomy":"product_tag","embeddable":true,"href":"https:\/\/bcmimprovement.com\/site1\/wp-json\/wp\/v2\/product_tag?post=16319"}],"curies":[{"name":"wp","href":"https:\/\/api.w.org\/{rel}","templated":true}]}}